{"id":97,"date":"2015-12-14T11:51:14","date_gmt":"2015-12-14T11:51:14","guid":{"rendered":"http:\/\/falacias.escepticos.es\/?page_id=97"},"modified":"2020-09-29T12:50:19","modified_gmt":"2020-09-29T10:50:19","slug":"argumento-ad-nauseam","status":"publish","type":"page","link":"https:\/\/falacias.escepticos.es\/index.php\/argumento-ad-nauseam\/","title":{"rendered":"Argumento ad nauseam"},"content":{"rendered":"<p><strong>\u00a1Una mentira repetida mil&nbsp;veces no se convierte en verdad!<\/strong><\/p>\n<p><a href=\"http:\/\/falacias.escepticos.es\/wp-content\/uploads\/2015\/12\/15-1.gif\" rel=\"attachment wp-att-346\"><img decoding=\"async\" loading=\"lazy\" class=\"alignnone wp-image-743 size-full\" src=\"https:\/\/falacias.escepticos.es\/wp-content\/uploads\/2020\/09\/15.gif\" alt=\"\" width=\"1024\" height=\"512\"><\/a><\/p>\n<div id=\"oculto\" style=\"visibility: hidden; display: none;\">\n<p id=\"p1\">https:\/\/falacias.escepticos.es\/wp-content\/uploads\/2020\/09\/15.gif<\/p>\n<\/div>\n<p style=\"text-align: center;\">\n<button onclick=\"copiarAlPortapapeles('p1')\">Clica aqu\u00ed para copiar la imagen para tu red social<\/button><\/p>\n<p>Fuente, <a href=\"https:\/\/es.wikipedia.org\/wiki\/Argumento_ad_nauseam\" target=\"_blank\" rel=\"noopener noreferrer\">wikipedia<\/a><br \/>\nUn argumento ad nauseam, o argumentum ad nauseam, es una falacia en la que se argumenta a favor de un enunciado mediante su prolongada reiteraci\u00f3n, por una o varias personas. La apelaci\u00f3n a este argumento implica que alguna de las partes incita a una discusi\u00f3n superflua para escapar de razonamientos que no se pueden contrarrestar, reiterando aspectos discutidos, explicados y\/o refutados con anterioridad. Esta falacia es utilizada habitualmente por pol\u00edticos, creyentes religiosos y ret\u00f3ricos, y es uno de los mecanismos para reforzar leyendas urbanas al repetir determinadas afirmaciones verdaderas o falsas hasta asentarlas como parte de las creencias de un individuo o de la sociedad, convirti\u00e9ndolas en verdades incontestables.<br \/>\n<strong>Ejemplos:<\/strong><br \/>\nEs conocida la frase atribuida al Ministro de Propaganda nazi Joseph Goebbels, \u00abuna mentira mil veces repetida se convierte en una verdad\u00bb.<br \/>\nOtro ejemplo, tambi\u00e9n muy habitual en pol\u00edtica, consiste en presentarse siempre como v\u00edctima, y repetirlo m\u00e1s intensamente cuanto m\u00e1s falsa sea la afirmaci\u00f3n, cuando despu\u00e9s el que afirma la falacia en realidad est\u00e1 agrediendo a su supuesto agresor, alegando defensa.<br \/>\n<strong>Para rebatirla:<\/strong><br \/>\nSubrayar los intereses y prejuicios que hacen esa afirmaci\u00f3n que combatimos sea tan presente, y por supuesto subrayar los datos que niegan la afirmaci\u00f3n.<\/p>\n<p style=\"color: grey; font-family: Verdana; font-size: 75%;\">Cuando no se cita el origen, la definici\u00f3n y ejemplos est\u00e1n extra\u00eddos de una traducci\u00f3n de Jaime Wilson jwilson@bytecr.com a partir de: <em>Stephen&#8217;s Guide to the Logical Fallacies<\/em>. Copyright 1995-1998 Stephen Downes. Brandon, Manitoba, Canada.<br \/>\nEsos textos fueron retocados por Miguel A. Lerma, y ahora por nosotros, adem\u00e1s de los procedentes de la Wikipedia, para adaptarlos a nuestro formato.<\/p>\n","protected":false},"excerpt":{"rendered":"<p>\u00a1Una mentira repetida mil&nbsp;veces no se convierte en verdad! https:\/\/falacias.escepticos.es\/wp-content\/uploads\/2020\/09\/15.gif Clica aqu\u00ed para copiar la imagen para tu red social Fuente, wikipedia Un argumento ad nauseam, o argumentum ad nauseam, es una falacia en la que se argumenta a favor de un enunciado mediante su prolongada reiteraci\u00f3n, por una o varias personas. La apelaci\u00f3n a [&hellip;]<\/p>\n","protected":false},"author":2,"featured_media":346,"parent":0,"menu_order":0,"comment_status":"closed","ping_status":"closed","template":"","meta":{"footnotes":""},"_links":{"self":[{"href":"https:\/\/falacias.escepticos.es\/index.php\/wp-json\/wp\/v2\/pages\/97"}],"collection":[{"href":"https:\/\/falacias.escepticos.es\/index.php\/wp-json\/wp\/v2\/pages"}],"about":[{"href":"https:\/\/falacias.escepticos.es\/index.php\/wp-json\/wp\/v2\/types\/page"}],"author":[{"embeddable":true,"href":"https:\/\/falacias.escepticos.es\/index.php\/wp-json\/wp\/v2\/users\/2"}],"replies":[{"embeddable":true,"href":"https:\/\/falacias.escepticos.es\/index.php\/wp-json\/wp\/v2\/comments?post=97"}],"version-history":[{"count":19,"href":"https:\/\/falacias.escepticos.es\/index.php\/wp-json\/wp\/v2\/pages\/97\/revisions"}],"predecessor-version":[{"id":884,"href":"https:\/\/falacias.escepticos.es\/index.php\/wp-json\/wp\/v2\/pages\/97\/revisions\/884"}],"wp:featuredmedia":[{"embeddable":true,"href":"https:\/\/falacias.escepticos.es\/index.php\/wp-json\/wp\/v2\/media\/346"}],"wp:attachment":[{"href":"https:\/\/falacias.escepticos.es\/index.php\/wp-json\/wp\/v2\/media?parent=97"}],"curies":[{"name":"wp","href":"https:\/\/api.w.org\/{rel}","templated":true}]}}