{"id":94,"date":"2015-12-14T11:50:29","date_gmt":"2015-12-14T11:50:29","guid":{"rendered":"http:\/\/falacias.escepticos.es\/?page_id=94"},"modified":"2020-09-29T12:50:29","modified_gmt":"2020-09-29T10:50:29","slug":"argumento-ad-populum","status":"publish","type":"page","link":"https:\/\/falacias.escepticos.es\/index.php\/argumento-ad-populum\/","title":{"rendered":"Argumento ex populo"},"content":{"rendered":"<p><strong>Un mill\u00f3n de moscas no pueden estar equivocadas.<\/strong><\/p>\n<p><a href=\"http:\/\/falacias.escepticos.es\/wp-content\/uploads\/2015\/12\/14.gif\" rel=\"attachment wp-att-430\"><img decoding=\"async\" loading=\"lazy\" class=\"alignnone wp-image-742 size-full\" title=\"\" src=\"https:\/\/falacias.escepticos.es\/wp-content\/uploads\/2020\/09\/14.gif\" alt=\"\" width=\"1024\" height=\"512\"><\/a><\/p>\n<div id=\"oculto\" style=\"visibility: hidden; display: none;\">\n<p id=\"p1\">https:\/\/falacias.escepticos.es\/wp-content\/uploads\/2020\/09\/14.gif<\/p>\n<\/div>\n<p style=\"text-align: center;\">\n<button onclick=\"copiarAlPortapapeles('p1')\">Clica aqu\u00ed para copiar la imagen para tu red social<\/button><\/p>\n<p>Fuente, <a href=\"https:\/\/es.wikipedia.org\/wiki\/Argumento_ad_populum\" target=\"_blank\" rel=\"noopener noreferrer\">wikipedia<\/a><br \/>\nUn argumento&nbsp;ex populo o sofisma populista es una falacia que implica responder a un argumento o a una afirmaci\u00f3n refiri\u00e9ndose a la supuesta opini\u00f3n que de ello tiene la gente en general, en lugar de al argumento por s\u00ed mismo.<br \/>\nLos argumentos ex populo se suelen usar en discursos m\u00e1s o menos populistas, y tambi\u00e9n en las discusiones cotidianas. Tambi\u00e9n se utiliza en pol\u00edtica y en los medios de comunicaci\u00f3n aunque no es tan poderosa como el argumentum ad hominem. Suele adquirir mayor firmeza cuando va acompa\u00f1ada de un sondeo o encuesta que respalda la afirmaci\u00f3n falaz. A pesar de todo, es bastante sutil y para o\u00eddos poco acostumbrados al razonamiento puede pasar inadvertido.<br \/>\n<strong>ejemplos:<\/strong><br \/>\n\u00abY no es que lo diga yo: lo dice todo el mundo\u00bb<br \/>\n\u00ab\u00bfPor qu\u00e9 lo hiciste? Porque lo hac\u00eda todo el mundo\u00bb<br \/>\n\u00abLa mayor\u00eda de la gente opina lo mismo que yo\u00bb<br \/>\n\u00abTodo el mundo sabe que esto es as\u00ed\u00bb<br \/>\n<a href=\"http:\/\/lasmemoriasdecharles.blogspot.com.es\/2013\/08\/todo-el-mundo-lo-hace-la-falacia-ad.html\" target=\"_blank\" rel=\"noopener noreferrer\">Fuente del ejemplo<\/a>.<\/p>\n<p><strong>Para rebatirla:<\/strong><br \/>\nLa frase popular de las moscas es, sin duda, contundente como pocas, adem\u00e1s de se\u00f1alar el camino: incidir en que la popularidad de una idea no tiene ninguna relaci\u00f3n con su veracidad.<\/p>\n<p style=\"color: grey; font-family: Verdana; font-size: 75%;\">Cuando no se cita el origen, la definici\u00f3n y ejemplos est\u00e1n extra\u00eddos de una traducci\u00f3n de Jaime Wilson jwilson@bytecr.com a partir de: <em>Stephen\u2019s Guide to the Logical Fallacies<\/em>. Copyright 1995-1998 Stephen Downes. Brandon, Manitoba, Canada.<br \/>\nEsos textos fueron retocados por Miguel A. Lerma, y ahora por nosotros, adem\u00e1s de los procedentes de la Wikipedia, para adaptarlos a nuestro formato.<\/p>\n","protected":false},"excerpt":{"rendered":"<p>Un mill\u00f3n de moscas no pueden estar equivocadas. https:\/\/falacias.escepticos.es\/wp-content\/uploads\/2020\/09\/14.gif Clica aqu\u00ed para copiar la imagen para tu red social Fuente, wikipedia Un argumento&nbsp;ex populo o sofisma populista es una falacia que implica responder a un argumento o a una afirmaci\u00f3n refiri\u00e9ndose a la supuesta opini\u00f3n que de ello tiene la gente en general, en lugar [&hellip;]<\/p>\n","protected":false},"author":2,"featured_media":545,"parent":0,"menu_order":0,"comment_status":"closed","ping_status":"closed","template":"","meta":{"footnotes":""},"_links":{"self":[{"href":"https:\/\/falacias.escepticos.es\/index.php\/wp-json\/wp\/v2\/pages\/94"}],"collection":[{"href":"https:\/\/falacias.escepticos.es\/index.php\/wp-json\/wp\/v2\/pages"}],"about":[{"href":"https:\/\/falacias.escepticos.es\/index.php\/wp-json\/wp\/v2\/types\/page"}],"author":[{"embeddable":true,"href":"https:\/\/falacias.escepticos.es\/index.php\/wp-json\/wp\/v2\/users\/2"}],"replies":[{"embeddable":true,"href":"https:\/\/falacias.escepticos.es\/index.php\/wp-json\/wp\/v2\/comments?post=94"}],"version-history":[{"count":26,"href":"https:\/\/falacias.escepticos.es\/index.php\/wp-json\/wp\/v2\/pages\/94\/revisions"}],"predecessor-version":[{"id":885,"href":"https:\/\/falacias.escepticos.es\/index.php\/wp-json\/wp\/v2\/pages\/94\/revisions\/885"}],"wp:featuredmedia":[{"embeddable":true,"href":"https:\/\/falacias.escepticos.es\/index.php\/wp-json\/wp\/v2\/media\/545"}],"wp:attachment":[{"href":"https:\/\/falacias.escepticos.es\/index.php\/wp-json\/wp\/v2\/media?parent=94"}],"curies":[{"name":"wp","href":"https:\/\/api.w.org\/{rel}","templated":true}]}}