{"id":91,"date":"2015-12-14T11:49:57","date_gmt":"2015-12-14T11:49:57","guid":{"rendered":"http:\/\/falacias.escepticos.es\/?page_id=91"},"modified":"2020-09-29T12:50:09","modified_gmt":"2020-09-29T10:50:09","slug":"argumento-ad-ignorantiam","status":"publish","type":"page","link":"https:\/\/falacias.escepticos.es\/index.php\/argumento-ad-ignorantiam\/","title":{"rendered":"Argumento ad ignorantiam"},"content":{"rendered":"<p><b>No tengo pruebas de que lo que dices sea falso, pero eso no prueba que lo que dices sea cierto.<\/b><br \/>\n<a href=\"http:\/\/falacias.escepticos.es\/wp-content\/uploads\/2015\/12\/13-1.gif\" rel=\"attachment wp-att-344\"><img decoding=\"async\" loading=\"lazy\" class=\"alignnone wp-image-741 size-full\" title=\"\" src=\"https:\/\/falacias.escepticos.es\/wp-content\/uploads\/2020\/09\/13.gif\" alt=\"\" width=\"1024\" height=\"512\"><\/a><\/p>\n<div id=\"oculto\" style=\"visibility: hidden; display: none;\">\n<p id=\"p1\">https:\/\/falacias.escepticos.es\/wp-content\/uploads\/2020\/09\/13.gif<\/p>\n<\/div>\n<p style=\"text-align: center;\">\n<button onclick=\"copiarAlPortapapeles('p1')\">Clica aqu\u00ed para copiar la imagen para tu red social<\/button><\/p>\n<p>Fuente, <a href=\"https:\/\/es.wikipedia.org\/wiki\/Argumento_ad_ignorantiam\" target=\"_blank\" rel=\"noopener noreferrer\">wikipedia<\/a><br \/>\nEn l\u00f3gica, un argumento ad ignorantiam, o argumentum ad ignorantiam, tambi\u00e9n conocido como llamada a la ignorancia, es una falacia que consiste en sostener la verdad (o falsedad) de una proposici\u00f3n alegando que no existe prueba de lo contrario, o bien alegando la incapacidad o la negativa de un oponente a presentar pruebas convincentes de lo contrario. Quienes argumentan de esta manera no basan su argumento en el conocimiento, sino en la ignorancia, en la falta de conocimiento. Se suele se\u00f1alar&nbsp;con la frase: \u00abla ausencia de prueba no es prueba de ausencia\u00bb; es decir, cometes esta falacia cuando dices que algo es verdad (o mentira)&nbsp;bas\u00e1ndote en la ignorancia existente sobre ella.<\/p>\n<p><strong>Ejemplos:<\/strong><br \/>\n-Sobre la existencia de Dios:<br \/>\nNo se puede probar la inexistencia de Dios.<br \/>\nPor lo tanto, Dios existe.<br \/>\n-Wikileaks no ha demostrado nuestra teor\u00eda conspirativa sobre la verdadera autor\u00eda de los atentados del 11-S, 11-M y 7-J. Por tanto, Wikileaks forma parte de una campa\u00f1a de desinformaci\u00f3n orquestada por el gobierno estadounidense. Es una desclasificaci\u00f3n controlada de documentos.<\/p>\n<p><strong>Para rebatirla:<\/strong><br \/>\nPoner el dedo sobre el hecho de que pese a no conocer algo, si hago una afirmaci\u00f3n sobre ese algo tengo que demostrar ese algo, ni m\u00e1s, ni menos, y que no tengamos ni idea de lo que pasa no le da a \u00e9l carta blanca para inventarse lo que sea.<\/p>\n<p style=\"color: grey; font-family: Verdana; font-size: 75%;\">Cuando no se cita el origen, la definici\u00f3n y ejemplos est\u00e1n extra\u00eddos de una traducci\u00f3n de Jaime Wilson jwilson@bytecr.com a partir de: <em>Stephen&#8217;s Guide to the Logical Fallacies<\/em>. Copyright 1995-1998 Stephen Downes. Brandon, Manitoba, Canada.<br \/>\nEsos textos fueron retocados por Miguel A. Lerma, y ahora por nosotros, adem\u00e1s de los procedentes de la Wikipedia, para adaptarlos a nuestro formato.<\/p>\n","protected":false},"excerpt":{"rendered":"<p>No tengo pruebas de que lo que dices sea falso, pero eso no prueba que lo que dices sea cierto. https:\/\/falacias.escepticos.es\/wp-content\/uploads\/2020\/09\/13.gif Clica aqu\u00ed para copiar la imagen para tu red social Fuente, wikipedia En l\u00f3gica, un argumento ad ignorantiam, o argumentum ad ignorantiam, tambi\u00e9n conocido como llamada a la ignorancia, es una falacia que consiste [&hellip;]<\/p>\n","protected":false},"author":2,"featured_media":344,"parent":0,"menu_order":0,"comment_status":"closed","ping_status":"closed","template":"","meta":{"footnotes":""},"_links":{"self":[{"href":"https:\/\/falacias.escepticos.es\/index.php\/wp-json\/wp\/v2\/pages\/91"}],"collection":[{"href":"https:\/\/falacias.escepticos.es\/index.php\/wp-json\/wp\/v2\/pages"}],"about":[{"href":"https:\/\/falacias.escepticos.es\/index.php\/wp-json\/wp\/v2\/types\/page"}],"author":[{"embeddable":true,"href":"https:\/\/falacias.escepticos.es\/index.php\/wp-json\/wp\/v2\/users\/2"}],"replies":[{"embeddable":true,"href":"https:\/\/falacias.escepticos.es\/index.php\/wp-json\/wp\/v2\/comments?post=91"}],"version-history":[{"count":22,"href":"https:\/\/falacias.escepticos.es\/index.php\/wp-json\/wp\/v2\/pages\/91\/revisions"}],"predecessor-version":[{"id":883,"href":"https:\/\/falacias.escepticos.es\/index.php\/wp-json\/wp\/v2\/pages\/91\/revisions\/883"}],"wp:featuredmedia":[{"embeddable":true,"href":"https:\/\/falacias.escepticos.es\/index.php\/wp-json\/wp\/v2\/media\/344"}],"wp:attachment":[{"href":"https:\/\/falacias.escepticos.es\/index.php\/wp-json\/wp\/v2\/media?parent=91"}],"curies":[{"name":"wp","href":"https:\/\/api.w.org\/{rel}","templated":true}]}}