{"id":88,"date":"2015-12-14T11:49:21","date_gmt":"2015-12-14T11:49:21","guid":{"rendered":"http:\/\/falacias.escepticos.es\/?page_id=88"},"modified":"2020-09-29T12:49:59","modified_gmt":"2020-09-29T10:49:59","slug":"argumento-ad-hominem","status":"publish","type":"page","link":"https:\/\/falacias.escepticos.es\/index.php\/argumento-ad-hominem\/","title":{"rendered":"Argumento ad hominem"},"content":{"rendered":"<p><strong>Como no tengo argumentos me meto contigo, a ver si as\u00ed&#8230;<\/strong><br \/>\n<a title=\"\" href=\"http:\/\/falacias.escepticos.es\/wp-content\/uploads\/2015\/12\/12-1.gif\" rel=\"attachment wp-att-337\"><img decoding=\"async\" loading=\"lazy\" class=\"alignnone wp-image-740 size-full\" title=\"\" src=\"https:\/\/falacias.escepticos.es\/wp-content\/uploads\/2020\/09\/12.gif\" alt=\"\" width=\"1024\" height=\"512\"><\/a><\/p>\n<div id=\"oculto\" style=\"visibility: hidden; display: none;\">\n<p id=\"p1\">https:\/\/falacias.escepticos.es\/wp-content\/uploads\/2020\/09\/12.gif<\/p>\n<\/div>\n<p style=\"text-align: center;\">\n<button onclick=\"copiarAlPortapapeles('p1')\">Clica aqu\u00ed para copiar la imagen para tu red social<\/button><\/p>\n<p>Se ataca a la persona que presenta el argumento y no al argumento en si. Esto toma muchas formas. Por ejemplo, el ataque puede basarse en la personalidad, la nacionalidad o la religi\u00f3n de la persona. O puede que se haga notar lo que la persona podr\u00eda ganar en caso de un final favorable. O, por \u00faltimo, por asociaci\u00f3n, o seg\u00fan a quienes frecuenta.<\/p>\n<p><strong>Ejemplos:<\/strong><br \/>\nDices que Dios no existe, pero solo lo dices para estar a la moda (ad hominem abusivo).<br \/>\nDebemos descartar lo que dice el Premier Klein sobre los nuevos impuestos porque a \u00e9l no lo afectar\u00e1 el alza (ad hominem circunstancial).<br \/>\nNo podemos aceptar los argumentos de Share B.C. porque est\u00e1n financiados por la industria maderera (ad hominem circunstancial).<br \/>\nDices que yo no deber\u00eda beber, pero t\u00fa no has estado sobrio ni un solo d\u00eda en m\u00e1s de un a\u00f1o (ad hominem tu quoque).<\/p>\n<p><strong>Para rebatirla:<\/strong><br \/>\nIdentifique el ataque y demuestre que ni la personalidad ni las circunstancias de la persona tienen nada que ver con la verdad o falsedad de la proposici\u00f3n que se defiende.<\/p>\n<p style=\"color: grey; font-family: Verdana; font-size: 75%;\">Cuando no se cita el origen, la definici\u00f3n y ejemplos est\u00e1n extra\u00eddos de una traducci\u00f3n de Jaime Wilson jwilson@bytecr.com a partir de: <em>Stephen&#8217;s Guide to the Logical Fallacies<\/em>. Copyright 1995-1998 Stephen Downes. Brandon, Manitoba, Canada.<br \/>\nEsos textos fueron retocados por Miguel A. Lerma, y ahora por nosotros, adem\u00e1s de los procedentes de la Wikipedia, para adaptarlos a nuestro formato.<\/p>\n","protected":false},"excerpt":{"rendered":"<p>Como no tengo argumentos me meto contigo, a ver si as\u00ed&#8230; https:\/\/falacias.escepticos.es\/wp-content\/uploads\/2020\/09\/12.gif Clica aqu\u00ed para copiar la imagen para tu red social Se ataca a la persona que presenta el argumento y no al argumento en si. Esto toma muchas formas. Por ejemplo, el ataque puede basarse en la personalidad, la nacionalidad o la religi\u00f3n [&hellip;]<\/p>\n","protected":false},"author":2,"featured_media":337,"parent":0,"menu_order":0,"comment_status":"closed","ping_status":"closed","template":"","meta":{"footnotes":""},"_links":{"self":[{"href":"https:\/\/falacias.escepticos.es\/index.php\/wp-json\/wp\/v2\/pages\/88"}],"collection":[{"href":"https:\/\/falacias.escepticos.es\/index.php\/wp-json\/wp\/v2\/pages"}],"about":[{"href":"https:\/\/falacias.escepticos.es\/index.php\/wp-json\/wp\/v2\/types\/page"}],"author":[{"embeddable":true,"href":"https:\/\/falacias.escepticos.es\/index.php\/wp-json\/wp\/v2\/users\/2"}],"replies":[{"embeddable":true,"href":"https:\/\/falacias.escepticos.es\/index.php\/wp-json\/wp\/v2\/comments?post=88"}],"version-history":[{"count":16,"href":"https:\/\/falacias.escepticos.es\/index.php\/wp-json\/wp\/v2\/pages\/88\/revisions"}],"predecessor-version":[{"id":882,"href":"https:\/\/falacias.escepticos.es\/index.php\/wp-json\/wp\/v2\/pages\/88\/revisions\/882"}],"wp:featuredmedia":[{"embeddable":true,"href":"https:\/\/falacias.escepticos.es\/index.php\/wp-json\/wp\/v2\/media\/337"}],"wp:attachment":[{"href":"https:\/\/falacias.escepticos.es\/index.php\/wp-json\/wp\/v2\/media?parent=88"}],"curies":[{"name":"wp","href":"https:\/\/api.w.org\/{rel}","templated":true}]}}