{"id":85,"date":"2015-12-14T11:48:37","date_gmt":"2015-12-14T11:48:37","guid":{"rendered":"http:\/\/falacias.escepticos.es\/?page_id=85"},"modified":"2020-09-29T12:49:32","modified_gmt":"2020-09-29T10:49:32","slug":"argumento-ad-baculum","status":"publish","type":"page","link":"https:\/\/falacias.escepticos.es\/index.php\/argumento-ad-baculum\/","title":{"rendered":"Argumento ad baculum"},"content":{"rendered":"<p><strong>\u00a1Golpearemos tan fuerte que seguro que tendremos raz\u00f3n\u00a1<\/strong><br \/>\n<a href=\"http:\/\/falacias.escepticos.es\/wp-content\/uploads\/2015\/12\/11.gif\" rel=\"attachment wp-att-420\"><img decoding=\"async\" loading=\"lazy\" class=\"alignnone wp-image-739 size-full\" title=\"\" src=\"https:\/\/falacias.escepticos.es\/wp-content\/uploads\/2020\/09\/11.gif\" alt=\"\" width=\"1024\" height=\"512\"><\/a><\/p>\n<div id=\"oculto\" style=\"visibility: hidden; display: none;\">\n<p id=\"p1\">https:\/\/falacias.escepticos.es\/wp-content\/uploads\/2020\/09\/11.gif<\/p>\n<\/div>\n<p style=\"text-align: center;\">\n<button onclick=\"copiarAlPortapapeles('p1')\">Clica aqu\u00ed para copiar la imagen para tu red social<\/button><\/p>\n<p>Se le dice al lector que habr\u00e1 consecuencias desagradables si no est\u00e1 de acuerdo con el proponente.<\/p>\n<p><strong>Ejemplos:<\/strong><br \/>\nSer\u00e1 mejor que est\u00e9s de acuerdo con la nueva pol\u00edtica de la compa\u00f1\u00eda si deseas mantener tu trabajo. Esa pol\u00edtica sigue en conflicto con lo que os compromet\u00edsteis en mi contrato, luego oponerme a ella no vulnera el contrato, al contrario, lo cumple.<br \/>\nLa subvenci\u00f3n no es una buena opci\u00f3n porque votar a favor conllevar\u00e1 que no te votemos en tu elecci\u00f3n. Bueno, me parece que eso es una amenaza, no un argumento para decir que la subvenci\u00f3n sea mala.<\/p>\n<p><strong>Para rebatirla:<\/strong><br \/>\nIdentifique la amenaza y la proposici\u00f3n, y deje claro que la amenaza no tiene relaci\u00f3n con la verdad o falsedad de la proposici\u00f3n.<\/p>\n<p style=\"color: grey; font-family: Verdana; font-size: 75%;\">Cuando no se cita el origen, la definici\u00f3n y ejemplos est\u00e1n extra\u00eddos de una traducci\u00f3n de Jaime Wilson jwilson@bytecr.com a partir de: <em>Stephen&#8217;s Guide to the Logical Fallacies<\/em>. Copyright 1995-1998 Stephen Downes. Brandon, Manitoba, Canada.<br \/>\nEsos textos fueron retocados por Miguel A. Lerma, y ahora por nosotros, adem\u00e1s de los procedentes de la Wikipedia, para adaptarlos a nuestro formato.<\/p>\n","protected":false},"excerpt":{"rendered":"<p>\u00a1Golpearemos tan fuerte que seguro que tendremos raz\u00f3n\u00a1 https:\/\/falacias.escepticos.es\/wp-content\/uploads\/2020\/09\/11.gif Clica aqu\u00ed para copiar la imagen para tu red social Se le dice al lector que habr\u00e1 consecuencias desagradables si no est\u00e1 de acuerdo con el proponente. Ejemplos: Ser\u00e1 mejor que est\u00e9s de acuerdo con la nueva pol\u00edtica de la compa\u00f1\u00eda si deseas mantener tu trabajo. [&hellip;]<\/p>\n","protected":false},"author":2,"featured_media":420,"parent":0,"menu_order":0,"comment_status":"closed","ping_status":"closed","template":"","meta":{"footnotes":""},"_links":{"self":[{"href":"https:\/\/falacias.escepticos.es\/index.php\/wp-json\/wp\/v2\/pages\/85"}],"collection":[{"href":"https:\/\/falacias.escepticos.es\/index.php\/wp-json\/wp\/v2\/pages"}],"about":[{"href":"https:\/\/falacias.escepticos.es\/index.php\/wp-json\/wp\/v2\/types\/page"}],"author":[{"embeddable":true,"href":"https:\/\/falacias.escepticos.es\/index.php\/wp-json\/wp\/v2\/users\/2"}],"replies":[{"embeddable":true,"href":"https:\/\/falacias.escepticos.es\/index.php\/wp-json\/wp\/v2\/comments?post=85"}],"version-history":[{"count":22,"href":"https:\/\/falacias.escepticos.es\/index.php\/wp-json\/wp\/v2\/pages\/85\/revisions"}],"predecessor-version":[{"id":879,"href":"https:\/\/falacias.escepticos.es\/index.php\/wp-json\/wp\/v2\/pages\/85\/revisions\/879"}],"wp:featuredmedia":[{"embeddable":true,"href":"https:\/\/falacias.escepticos.es\/index.php\/wp-json\/wp\/v2\/media\/420"}],"wp:attachment":[{"href":"https:\/\/falacias.escepticos.es\/index.php\/wp-json\/wp\/v2\/media?parent=85"}],"curies":[{"name":"wp","href":"https:\/\/api.w.org\/{rel}","templated":true}]}}