{"id":81,"date":"2015-12-14T11:48:01","date_gmt":"2015-12-14T11:48:01","guid":{"rendered":"http:\/\/falacias.escepticos.es\/?page_id=81"},"modified":"2020-09-29T12:49:50","modified_gmt":"2020-09-29T10:49:50","slug":"argumento-ad-consequentiam","status":"publish","type":"page","link":"https:\/\/falacias.escepticos.es\/index.php\/argumento-ad-consequentiam\/","title":{"rendered":"Argumento ad consequentiam"},"content":{"rendered":"<p><strong>Eso no puede ser verdad porque no me gusta.<\/strong><br \/>\n<a href=\"http:\/\/falacias.escepticos.es\/wp-content\/uploads\/2015\/12\/10-3.gif\" rel=\"attachment wp-att-335\"><img decoding=\"async\" loading=\"lazy\" class=\"alignnone wp-image-738 size-full\" src=\"https:\/\/falacias.escepticos.es\/wp-content\/uploads\/2020\/09\/10.gif\" alt=\"\" width=\"1024\" height=\"512\"><\/a><\/p>\n<div id=\"oculto\" style=\"visibility: hidden; display: none;\">\n<p id=\"p1\">https:\/\/falacias.escepticos.es\/wp-content\/uploads\/2020\/09\/10.gif<\/p>\n<\/div>\n<p style=\"text-align: center;\">\n<button onclick=\"copiarAlPortapapeles('p1')\">Clica aqu\u00ed para copiar la imagen para tu red social<\/button><\/p>\n<p>El autor se\u00f1ala las consecuencias desagradables de apoyar una posici\u00f3n particular con el fin de demostrar que la posici\u00f3n es falsa.<\/p>\n<p><strong>Ejemplos:<\/strong><br \/>\nLa teor\u00eda de la evoluci\u00f3n no puede ser cierta, porque si lo fuera no ser\u00edamos mejores que los monos y los simios.<br \/>\nTienes que creer en Dios, de lo contrario la vida no tendr\u00eda prop\u00f3sito. (Puede ser, pero tambi\u00e9n puede ser cierto que dado que la vida no tiene prop\u00f3sito Dios no exista)<br \/>\nSi hablas mal de JJ atente a las consecuencias. Porque JJ es mi amigo, \u00bfte enteras, majete?<\/p>\n<p><strong>Para rebatirla:<\/strong><br \/>\nIdentifique las consecuencias y sostenga que el que queramos que algo sea cierto no hace que sea verdad.<\/p>\n<p style=\"color: grey; font-family: Verdana; font-size: 75%;\">Cuando no se cita el origen, la definici\u00f3n y ejemplos est\u00e1n extra\u00eddos de una traducci\u00f3n de Jaime Wilson jwilson@bytecr.com a partir de: <em>Stephen&#8217;s Guide to the Logical Fallacies<\/em>. Copyright 1995-1998 Stephen Downes. Brandon, Manitoba, Canada.<br \/>\nEsos textos fueron retocados por Miguel A. Lerma, y ahora por nosotros, adem\u00e1s de los procedentes de la Wikipedia, para adaptarlos a nuestro formato.<\/p>\n","protected":false},"excerpt":{"rendered":"<p>Eso no puede ser verdad porque no me gusta. https:\/\/falacias.escepticos.es\/wp-content\/uploads\/2020\/09\/10.gif Clica aqu\u00ed para copiar la imagen para tu red social El autor se\u00f1ala las consecuencias desagradables de apoyar una posici\u00f3n particular con el fin de demostrar que la posici\u00f3n es falsa. Ejemplos: La teor\u00eda de la evoluci\u00f3n no puede ser cierta, porque si lo fuera [&hellip;]<\/p>\n","protected":false},"author":2,"featured_media":335,"parent":0,"menu_order":0,"comment_status":"closed","ping_status":"closed","template":"","meta":{"footnotes":""},"_links":{"self":[{"href":"https:\/\/falacias.escepticos.es\/index.php\/wp-json\/wp\/v2\/pages\/81"}],"collection":[{"href":"https:\/\/falacias.escepticos.es\/index.php\/wp-json\/wp\/v2\/pages"}],"about":[{"href":"https:\/\/falacias.escepticos.es\/index.php\/wp-json\/wp\/v2\/types\/page"}],"author":[{"embeddable":true,"href":"https:\/\/falacias.escepticos.es\/index.php\/wp-json\/wp\/v2\/users\/2"}],"replies":[{"embeddable":true,"href":"https:\/\/falacias.escepticos.es\/index.php\/wp-json\/wp\/v2\/comments?post=81"}],"version-history":[{"count":17,"href":"https:\/\/falacias.escepticos.es\/index.php\/wp-json\/wp\/v2\/pages\/81\/revisions"}],"predecessor-version":[{"id":881,"href":"https:\/\/falacias.escepticos.es\/index.php\/wp-json\/wp\/v2\/pages\/81\/revisions\/881"}],"wp:featuredmedia":[{"embeddable":true,"href":"https:\/\/falacias.escepticos.es\/index.php\/wp-json\/wp\/v2\/media\/335"}],"wp:attachment":[{"href":"https:\/\/falacias.escepticos.es\/index.php\/wp-json\/wp\/v2\/media?parent=81"}],"curies":[{"name":"wp","href":"https:\/\/api.w.org\/{rel}","templated":true}]}}