{"id":78,"date":"2015-12-14T11:45:37","date_gmt":"2015-12-14T11:45:37","guid":{"rendered":"http:\/\/falacias.escepticos.es\/?page_id=78"},"modified":"2020-09-29T12:49:11","modified_gmt":"2020-09-29T10:49:11","slug":"argumento-a-silentio","status":"publish","type":"page","link":"https:\/\/falacias.escepticos.es\/index.php\/argumento-a-silentio\/","title":{"rendered":"Argumento a silentio"},"content":{"rendered":"<p><strong>Falacia de el que calla otorga&#8230; \u00a1pues va a ser que no!<\/strong><br \/>\n<a title=\"\" href=\"http:\/\/falacias.escepticos.es\/wp-content\/uploads\/2015\/12\/09-1.gif\" rel=\"attachment wp-att-326\"><img decoding=\"async\" loading=\"lazy\" class=\"alignnone wp-image-757 size-full\" style=\"outline: red dashed 1px;\" title=\"\" src=\"https:\/\/falacias.escepticos.es\/wp-content\/uploads\/2020\/09\/09.gif\" alt=\"\" width=\"686\" height=\"405\"><\/a><\/p>\n<div id=\"oculto\" style=\"visibility: hidden; display: none;\">\n<p id=\"p1\">https:\/\/falacias.escepticos.es\/wp-content\/uploads\/2020\/09\/09.gif<\/p>\n<\/div>\n<p style=\"text-align: center;\">\n<button onclick=\"copiarAlPortapapeles('p1')\">Clica aqu\u00ed para copiar la imagen para tu red social<\/button><\/p>\n<p><a href=\"https:\/\/es.wikipedia.org\/wiki\/Argumento_a_silentio\" target=\"_blank\" rel=\"noopener noreferrer\">Wikipedia<\/a><br \/>\nEl argumento a silentio, argumentum a silentio, argumentum ex silentio o argumento desde el silencio es una falacia en la que se extrae una conclusi\u00f3n basada en el silencio o ausencia de evidencia. En el campo de los estudios cl\u00e1sicos este t\u00e9rmino hace referencia a la conclusi\u00f3n de que un autor ignoraba un determinado asunto debido a la falta de referencias al mismo en sus escritos. Cuando se usa como modo de prueba razonamiento puro est\u00e1 clasificado entre las falacias, a pesar de lo cual puede ser v\u00e1lido y convincente cuando se trata de una conjetura.<\/p>\n<p><strong>Ejemplo<\/strong><br \/>\nA: \u00bfSabes d\u00f3nde vive Mar\u00eda?<br \/>\nB: S\u00ed, lo s\u00e9.<br \/>\nA: \u00bfD\u00f3nde vive?<br \/>\nB: No pienso dec\u00edrtelo.<br \/>\nA: No sabes d\u00f3nde vive.<br \/>\nEsa conclusi\u00f3n no tiene por qu\u00e9 estar justificada; quiz\u00e1 B simplemente no quiere dec\u00edrselo o lo considera un dato confidencial.<\/p>\n<p><strong>Para rebatirla:<\/strong><br \/>\nSe\u00f1ale los posibles motivos del silencio, en especial aquellos que sean m\u00e1s plausibles que los aducidos por el falaz.<\/p>\n<p style=\"color: grey; font-family: Verdana; font-size: 75%;\">Cuando no se cita el origen, la definici\u00f3n y ejemplos est\u00e1n extra\u00eddos de una traducci\u00f3n de Jaime Wilson jwilson@bytecr.com a partir de: <em>Stephen&#8217;s Guide to the Logical Fallacies<\/em>. Copyright 1995-1998 Stephen Downes. Brandon, Manitoba, Canada.<br \/>\nEsos textos fueron retocados por Miguel A. Lerma, y ahora por nosotros, adem\u00e1s de los procedentes de la Wikipedia, para adaptarlos a nuestro formato.<\/p>\n","protected":false},"excerpt":{"rendered":"<p>Falacia de el que calla otorga&#8230; \u00a1pues va a ser que no! https:\/\/falacias.escepticos.es\/wp-content\/uploads\/2020\/09\/09.gif Clica aqu\u00ed para copiar la imagen para tu red social Wikipedia El argumento a silentio, argumentum a silentio, argumentum ex silentio o argumento desde el silencio es una falacia en la que se extrae una conclusi\u00f3n basada en el silencio o ausencia [&hellip;]<\/p>\n","protected":false},"author":2,"featured_media":326,"parent":0,"menu_order":0,"comment_status":"closed","ping_status":"closed","template":"","meta":{"footnotes":""},"_links":{"self":[{"href":"https:\/\/falacias.escepticos.es\/index.php\/wp-json\/wp\/v2\/pages\/78"}],"collection":[{"href":"https:\/\/falacias.escepticos.es\/index.php\/wp-json\/wp\/v2\/pages"}],"about":[{"href":"https:\/\/falacias.escepticos.es\/index.php\/wp-json\/wp\/v2\/types\/page"}],"author":[{"embeddable":true,"href":"https:\/\/falacias.escepticos.es\/index.php\/wp-json\/wp\/v2\/users\/2"}],"replies":[{"embeddable":true,"href":"https:\/\/falacias.escepticos.es\/index.php\/wp-json\/wp\/v2\/comments?post=78"}],"version-history":[{"count":22,"href":"https:\/\/falacias.escepticos.es\/index.php\/wp-json\/wp\/v2\/pages\/78\/revisions"}],"predecessor-version":[{"id":877,"href":"https:\/\/falacias.escepticos.es\/index.php\/wp-json\/wp\/v2\/pages\/78\/revisions\/877"}],"wp:featuredmedia":[{"embeddable":true,"href":"https:\/\/falacias.escepticos.es\/index.php\/wp-json\/wp\/v2\/media\/326"}],"wp:attachment":[{"href":"https:\/\/falacias.escepticos.es\/index.php\/wp-json\/wp\/v2\/media?parent=78"}],"curies":[{"name":"wp","href":"https:\/\/api.w.org\/{rel}","templated":true}]}}