{"id":75,"date":"2015-12-14T11:45:01","date_gmt":"2015-12-14T11:45:01","guid":{"rendered":"http:\/\/falacias.escepticos.es\/?page_id=75"},"modified":"2020-09-29T12:52:06","modified_gmt":"2020-09-29T10:52:06","slug":"falacia-del-alegato-especial","status":"publish","type":"page","link":"https:\/\/falacias.escepticos.es\/index.php\/falacia-del-alegato-especial\/","title":{"rendered":"Falacia del alegato especial"},"content":{"rendered":"<p><strong>T\u00fa nunca lo entender\u00e1s porque ESO solo podemos hacerlo los elegidos.<\/strong><\/p>\n<p><a href=\"http:\/\/falacias.escepticos.es\/wp-content\/uploads\/2015\/12\/08-1.gif\" rel=\"attachment wp-att-350\"><img decoding=\"async\" loading=\"lazy\" class=\"alignnone wp-image-736 size-full\" title=\"\" src=\"https:\/\/falacias.escepticos.es\/wp-content\/uploads\/2020\/09\/08.gif\" alt=\"\" width=\"1024\" height=\"512\"><\/a><\/p>\n<div id=\"oculto\" style=\"visibility: hidden; display: none;\">\n<p id=\"p1\">https:\/\/falacias.escepticos.es\/wp-content\/uploads\/2020\/09\/08.gif<\/p>\n<\/div>\n<p style=\"text-align: center;\">\n<button onclick=\"copiarAlPortapapeles('p1')\">Clica aqu\u00ed para copiar la imagen para tu red social<\/button><\/p>\n<p>Fuente, <a href=\"https:\/\/es.wikipedia.org\/wiki\/Falacia_del_alegato_especial\" target=\"_blank\" rel=\"noopener noreferrer\">wikipedia<\/a><br \/>\nSe trata de&nbsp;una falacia que tiene lugar cuando alguien, en su argumentaci\u00f3n, recurre o hace alusi\u00f3n a una visi\u00f3n o sensibilidad especial del tema objeto de debate y, bien sea de manera impl\u00edcita o expl\u00edcita, esta persona mantiene que el oponente posiblemente no puede comprender las sutilezas o complejidades del tema en cuesti\u00f3n, porque no alcanza el nivel de conocimiento o la empat\u00eda que supuestamente se requiere. Detr\u00e1s de tal alegato especial o pretensiones de una visi\u00f3n profunda o empat\u00eda se presume que las opiniones del sujeto no pueden ser evaluadas por el oponente porque este no tiene la capacidad de hacer ning\u00fan juicio v\u00e1lido. Todas estas pretensiones se deben tratar con profundo escepticismo.<\/p>\n<p><strong>ejemplos:<\/strong><br \/>\n-Carl Sagan: \u00ab\u00a1C\u00f3mo puede la ascendencia de Marte en el momento de mi nacimiento influir sobre m\u00ed, ni entonces ni ahora! Yo nac\u00ed en una habitaci\u00f3n cerrada, la luz de Marte no pod\u00eda entrar. La \u00fanica influencia de Marte que pod\u00eda afectarme era su gravitaci\u00f3n. Sin embargo, la influencia gravitatoria del partero era mucho mayor que la influencia gravitatoria de Marte. Marte tiene mayor masa, pero el partero estaba mucho m\u00e1s cerca\u00bb.<br \/>\n-Argumento especial: \u00abLos hor\u00f3scopos funcionan, pero tienes que entender la mec\u00e1nica que hay detr\u00e1s de estos\u00bb.<br \/>\n-La homeopat\u00eda deber\u00eda ser probada con ensayos cl\u00ednicos.<br \/>\n-Argumento especial: \u00abLos ensayos cl\u00ednicos no son adecuados para probar la verdadera naturaleza de la homeopat\u00eda\u00bb o, lo que adem\u00e1s es una falacia ad hominem: \u00abT\u00fa no eres una home\u00f3pata cualificada, por lo tanto no se puede esperar que la entiendas\u00bb.<\/p>\n<p><b>Para rebatirla:<\/b><br \/>\nGeneralmente se usa esta falacia para responder a alg\u00fan argumento muy concreto para el que no se tiene una respuesta adecuada; replicar volviendo a poner el foco de atenci\u00f3n sobre el detalle concreto, y demandar argumentos espec\u00edficos que lo rebatan, y se\u00f1alar la falta de relaci\u00f3n entre la condici\u00f3n impuesta y el tener o no raz\u00f3n.<\/p>\n<p style=\"color: grey; font-family: Verdana; font-size: 75%;\">Cuando no se cita el origen, la definici\u00f3n y ejemplos est\u00e1n extra\u00eddos de una traducci\u00f3n de Jaime Wilson jwilson@bytecr.com a partir de: <em>Stephen\u2019s Guide to the Logical Fallacies<\/em>. Copyright 1995-1998 Stephen Downes. Brandon, Manitoba, Canada.<br \/>\nEsos textos fueron retocados por Miguel A. Lerma, y ahora por nosotros, adem\u00e1s de los procedentes de la Wikipedia, para adaptarlos a nuestro formato.<\/p>\n","protected":false},"excerpt":{"rendered":"<p>T\u00fa nunca lo entender\u00e1s porque ESO solo podemos hacerlo los elegidos. https:\/\/falacias.escepticos.es\/wp-content\/uploads\/2020\/09\/08.gif Clica aqu\u00ed para copiar la imagen para tu red social Fuente, wikipedia Se trata de&nbsp;una falacia que tiene lugar cuando alguien, en su argumentaci\u00f3n, recurre o hace alusi\u00f3n a una visi\u00f3n o sensibilidad especial del tema objeto de debate y, bien sea de [&hellip;]<\/p>\n","protected":false},"author":2,"featured_media":350,"parent":0,"menu_order":0,"comment_status":"closed","ping_status":"closed","template":"","meta":{"footnotes":""},"_links":{"self":[{"href":"https:\/\/falacias.escepticos.es\/index.php\/wp-json\/wp\/v2\/pages\/75"}],"collection":[{"href":"https:\/\/falacias.escepticos.es\/index.php\/wp-json\/wp\/v2\/pages"}],"about":[{"href":"https:\/\/falacias.escepticos.es\/index.php\/wp-json\/wp\/v2\/types\/page"}],"author":[{"embeddable":true,"href":"https:\/\/falacias.escepticos.es\/index.php\/wp-json\/wp\/v2\/users\/2"}],"replies":[{"embeddable":true,"href":"https:\/\/falacias.escepticos.es\/index.php\/wp-json\/wp\/v2\/comments?post=75"}],"version-history":[{"count":20,"href":"https:\/\/falacias.escepticos.es\/index.php\/wp-json\/wp\/v2\/pages\/75\/revisions"}],"predecessor-version":[{"id":886,"href":"https:\/\/falacias.escepticos.es\/index.php\/wp-json\/wp\/v2\/pages\/75\/revisions\/886"}],"wp:featuredmedia":[{"embeddable":true,"href":"https:\/\/falacias.escepticos.es\/index.php\/wp-json\/wp\/v2\/media\/350"}],"wp:attachment":[{"href":"https:\/\/falacias.escepticos.es\/index.php\/wp-json\/wp\/v2\/media?parent=75"}],"curies":[{"name":"wp","href":"https:\/\/api.w.org\/{rel}","templated":true}]}}