{"id":69,"date":"2015-12-14T11:43:44","date_gmt":"2015-12-14T11:43:44","guid":{"rendered":"http:\/\/falacias.escepticos.es\/?page_id=69"},"modified":"2020-09-29T12:52:28","modified_gmt":"2020-09-29T10:52:28","slug":"falacia-del-francotirador","status":"publish","type":"page","link":"https:\/\/falacias.escepticos.es\/index.php\/falacia-del-francotirador\/","title":{"rendered":"Falacia del francotirador"},"content":{"rendered":"<p><strong>Pintar la diana despu\u00e9s de disparar, o forzar los datos para que digan lo que queremos.<\/strong><\/p>\n<p><a href=\"http:\/\/falacias.escepticos.es\/wp-content\/uploads\/2015\/12\/06-2.gif\" rel=\"attachment wp-att-354\"><img decoding=\"async\" loading=\"lazy\" class=\"alignnone wp-image-734 size-full\" title=\"\" src=\"https:\/\/falacias.escepticos.es\/wp-content\/uploads\/2020\/09\/06.gif\" alt=\"\" width=\"1024\" height=\"512\"><\/a><\/p>\n<div id=\"oculto\" style=\"visibility: hidden; display: none;\">\n<p id=\"p1\">https:\/\/falacias.escepticos.es\/wp-content\/uploads\/2020\/09\/06.gif<\/p>\n<\/div>\n<p style=\"text-align: center;\">\n<button onclick=\"copiarAlPortapapeles('p1')\">Clica aqu\u00ed para copiar la imagen para tu red social<\/button><\/p>\n<p>Fuente, <a href=\"https:\/\/es.wikipedia.org\/wiki\/Falacia_del_francotirador\" target=\"_blank\" rel=\"noopener noreferrer\">wikipedia<\/a><br \/>\nLa falacia del francotirador es una falacia l\u00f3gica donde la informaci\u00f3n que no tiene relaci\u00f3n alguna es interpretada, manipulada o maquillada hasta que \u00e9sta parezca tener un sentido. El nombre viene de un tirador que dispar\u00f3 aleatoriamente varios tiros a un granero y despu\u00e9s pint\u00f3 una diana centrada en cada uno de los tiros para autoproclamarse francotirador.<\/p>\n<p><strong>ejemplo:<\/strong><br \/>\nAlguien sue\u00f1a con el n\u00famero 7<br \/>\nNo sale el 7 , sale el n\u00famero 362<br \/>\nSe da por confirmada la premonici\u00f3n, alegando que 3+6-2 es igual a 7<br \/>\n<a href=\"http:\/\/www.falacias.org\/falacias\/falacia_del_francotirador\/\" target=\"_blank\" rel=\"noopener noreferrer\">Fuente del ejemplo<\/a><\/p>\n<p><strong>Para rebatirla:<\/strong><br \/>\nGeneralmente puede ser relativamente sencillo mostrar la falsedad de esta falacia si encontramos la manera de \u00e2\u20ac\u0153repetir\u00e2\u20ac\u009d el experimento; por ejemplo, en el caso del dibujo, proponiendo un dibujo alternativo de la constelaci\u00f3n de estrellas.<\/p>\n<p style=\"color: grey; font-family: Verdana; font-size: 75%;\">Cuando no se cita el origen, la definici\u00f3n y ejemplos est\u00e1n extra\u00eddos de una traducci\u00f3n de Jaime Wilson jwilson@bytecr.com a partir de: <em>Stephen\u2019s Guide to the Logical Fallacies<\/em>. Copyright 1995-1998 Stephen Downes. Brandon, Manitoba, Canada.<br \/>\nEsos textos fueron retocados por Miguel A. Lerma, y ahora por nosotros, adem\u00e1s de los procedentes de la Wikipedia, para adaptarlos a nuestro formato.<\/p>\n","protected":false},"excerpt":{"rendered":"<p>Pintar la diana despu\u00e9s de disparar, o forzar los datos para que digan lo que queremos. https:\/\/falacias.escepticos.es\/wp-content\/uploads\/2020\/09\/06.gif Clica aqu\u00ed para copiar la imagen para tu red social Fuente, wikipedia La falacia del francotirador es una falacia l\u00f3gica donde la informaci\u00f3n que no tiene relaci\u00f3n alguna es interpretada, manipulada o maquillada hasta que \u00e9sta parezca tener [&hellip;]<\/p>\n","protected":false},"author":2,"featured_media":354,"parent":0,"menu_order":0,"comment_status":"closed","ping_status":"closed","template":"","meta":{"footnotes":""},"_links":{"self":[{"href":"https:\/\/falacias.escepticos.es\/index.php\/wp-json\/wp\/v2\/pages\/69"}],"collection":[{"href":"https:\/\/falacias.escepticos.es\/index.php\/wp-json\/wp\/v2\/pages"}],"about":[{"href":"https:\/\/falacias.escepticos.es\/index.php\/wp-json\/wp\/v2\/types\/page"}],"author":[{"embeddable":true,"href":"https:\/\/falacias.escepticos.es\/index.php\/wp-json\/wp\/v2\/users\/2"}],"replies":[{"embeddable":true,"href":"https:\/\/falacias.escepticos.es\/index.php\/wp-json\/wp\/v2\/comments?post=69"}],"version-history":[{"count":19,"href":"https:\/\/falacias.escepticos.es\/index.php\/wp-json\/wp\/v2\/pages\/69\/revisions"}],"predecessor-version":[{"id":887,"href":"https:\/\/falacias.escepticos.es\/index.php\/wp-json\/wp\/v2\/pages\/69\/revisions\/887"}],"wp:featuredmedia":[{"embeddable":true,"href":"https:\/\/falacias.escepticos.es\/index.php\/wp-json\/wp\/v2\/media\/354"}],"wp:attachment":[{"href":"https:\/\/falacias.escepticos.es\/index.php\/wp-json\/wp\/v2\/media?parent=69"}],"curies":[{"name":"wp","href":"https:\/\/api.w.org\/{rel}","templated":true}]}}