{"id":63,"date":"2015-12-14T11:42:17","date_gmt":"2015-12-14T11:42:17","guid":{"rendered":"http:\/\/falacias.escepticos.es\/?page_id=63"},"modified":"2020-09-29T12:52:00","modified_gmt":"2020-09-29T10:52:00","slug":"generalizacion-apresurada","status":"publish","type":"page","link":"https:\/\/falacias.escepticos.es\/index.php\/generalizacion-apresurada\/","title":{"rendered":"Generalizaci\u00f3n apresurada"},"content":{"rendered":"<p><strong>\u00a1No tienes suficientes muestras como para llegar a esa conclusi\u00f3n!<\/strong><\/p>\n<p><a href=\"http:\/\/falacias.escepticos.es\/wp-content\/uploads\/2015\/12\/04-1.gif\" rel=\"attachment wp-att-359\"><img decoding=\"async\" loading=\"lazy\" class=\"alignnone wp-image-732 size-full\" src=\"https:\/\/falacias.escepticos.es\/wp-content\/uploads\/2020\/09\/04.gif\" alt=\"\" width=\"1024\" height=\"512\"><\/a><\/p>\n<div id=\"oculto\" style=\"visibility: hidden; display: none;\">\n<p id=\"p1\">https:\/\/falacias.escepticos.es\/wp-content\/uploads\/2020\/09\/04.gif<\/p>\n<\/div>\n<p style=\"text-align: center;\">\n<button onclick=\"copiarAlPortapapeles('p1')\">Clica aqu\u00ed para copiar la imagen para tu red social<\/button><\/p>\n<p>El tama\u00f1o de la muestra es demasiado peque\u00f1a para apoyar la conclusi\u00f3n. A veces es dif\u00edcil hacer entender que es as\u00ed, la estad\u00edstica es poco intuitiva y tendemos a creer afirmaciones cuando se sostienen sobre ejemplos concretos sin mirar si \u00e9stos son relevantes.<\/p>\n<p><strong>Ejemplos:<\/strong><br \/>\nUn australiano me rob\u00f3 la cartera, por lo tanto todos los australianos son ladrones (por supuesto, no podemos juzgar a todos los australianos bas\u00e1ndonos en un solo ejemplo).<br \/>\nPregunt\u00e9 a seis de mis amigos qu\u00e9 pensaban de las nuevas limitaciones y estuvieron de acuerdo en que eran una buena idea. Por lo tanto, las nuevas limitaciones son muy populares.<\/p>\n<p><strong>Para rebatirla:<\/strong><br \/>\nIdentifique el tama\u00f1o de la muestra y el de la poblaci\u00f3n. Demuestre que la muestra es demasiado peque\u00f1a. Nota: una demostraci\u00f3n formal requerir\u00eda c\u00e1lculos matem\u00e1ticos. Este tema se estudia en teor\u00eda de la probabilidad. Por ahora deber\u00e1 depender del sentido com\u00fan.<\/p>\n<p style=\"color: grey; font-family: Verdana; font-size: 75%;\">Cuando no se cita el origen, la definici\u00f3n y ejemplos est\u00e1n extra\u00eddos de una traducci\u00f3n de Jaime Wilson jwilson@bytecr.com a partir de: <em>Stephen\u2019s Guide to the Logical Fallacies<\/em>. Copyright 1995-1998 Stephen Downes. Brandon, Manitoba, Canada.<br \/>\nEsos textos fueron retocados por Miguel A. Lerma, y ahora por nosotros, adem\u00e1s de los procedentes de la Wikipedia, para adaptarlos a nuestro formato.<\/p>\n","protected":false},"excerpt":{"rendered":"<p>\u00a1No tienes suficientes muestras como para llegar a esa conclusi\u00f3n! https:\/\/falacias.escepticos.es\/wp-content\/uploads\/2020\/09\/04.gif Clica aqu\u00ed para copiar la imagen para tu red social El tama\u00f1o de la muestra es demasiado peque\u00f1a para apoyar la conclusi\u00f3n. A veces es dif\u00edcil hacer entender que es as\u00ed, la estad\u00edstica es poco intuitiva y tendemos a creer afirmaciones cuando se sostienen [&hellip;]<\/p>\n","protected":false},"author":2,"featured_media":359,"parent":0,"menu_order":0,"comment_status":"closed","ping_status":"closed","template":"","meta":{"footnotes":""},"_links":{"self":[{"href":"https:\/\/falacias.escepticos.es\/index.php\/wp-json\/wp\/v2\/pages\/63"}],"collection":[{"href":"https:\/\/falacias.escepticos.es\/index.php\/wp-json\/wp\/v2\/pages"}],"about":[{"href":"https:\/\/falacias.escepticos.es\/index.php\/wp-json\/wp\/v2\/types\/page"}],"author":[{"embeddable":true,"href":"https:\/\/falacias.escepticos.es\/index.php\/wp-json\/wp\/v2\/users\/2"}],"replies":[{"embeddable":true,"href":"https:\/\/falacias.escepticos.es\/index.php\/wp-json\/wp\/v2\/comments?post=63"}],"version-history":[{"count":18,"href":"https:\/\/falacias.escepticos.es\/index.php\/wp-json\/wp\/v2\/pages\/63\/revisions"}],"predecessor-version":[{"id":889,"href":"https:\/\/falacias.escepticos.es\/index.php\/wp-json\/wp\/v2\/pages\/63\/revisions\/889"}],"wp:featuredmedia":[{"embeddable":true,"href":"https:\/\/falacias.escepticos.es\/index.php\/wp-json\/wp\/v2\/media\/359"}],"wp:attachment":[{"href":"https:\/\/falacias.escepticos.es\/index.php\/wp-json\/wp\/v2\/media?parent=63"}],"curies":[{"name":"wp","href":"https:\/\/api.w.org\/{rel}","templated":true}]}}