{"id":60,"date":"2015-12-14T11:41:07","date_gmt":"2015-12-14T11:41:07","guid":{"rendered":"http:\/\/falacias.escepticos.es\/?page_id=60"},"modified":"2020-09-29T12:45:24","modified_gmt":"2020-09-29T10:45:24","slug":"afirmacion-del-consecuente","status":"publish","type":"page","link":"https:\/\/falacias.escepticos.es\/index.php\/afirmacion-del-consecuente\/","title":{"rendered":"Afirmaci\u00f3n del consecuente"},"content":{"rendered":"<p><b>Si A entonces B. B, por lo tanto A<\/b><\/p>\n<p><a title=\"\" href=\"http:\/\/falacias.escepticos.es\/wp-content\/uploads\/2015\/12\/03-2.gif\" rel=\"attachment wp-att-324\"><img decoding=\"async\" loading=\"lazy\" class=\"alignnone wp-image-731 size-full\" title=\"\" src=\"https:\/\/falacias.escepticos.es\/wp-content\/uploads\/2020\/09\/03.gif\" alt=\"\" width=\"1024\" height=\"512\"><\/a><\/p>\n<div id=\"oculto\" style=\"visibility: hidden; display: none;\">\n<p id=\"p1\">https:\/\/falacias.escepticos.es\/wp-content\/uploads\/2020\/09\/03.gif<\/p>\n<\/div>\n<p style=\"text-align: center;\">\n<button onclick=\"copiarAlPortapapeles('p1')\">Clica aqu\u00ed para copiar la imagen para tu red social<\/button><\/p>\n<p>Un argumento de la siguiente forma es inv\u00e1lido:<br \/>\nSi A entonces B<br \/>\nB<br \/>\npor lo tanto A.<\/p>\n<p><strong>Ejemplos:<\/strong><br \/>\nSi estoy en Espa\u00f1a, me encuentro en Europa. Dado que estoy en Europa, estoy en Espa\u00f1a (es obvio que aunque las premisas sean ciertas podr\u00eda estar en Francia).<br \/>\nSi la f\u00e1brica contaminara el r\u00edo habr\u00eda un incremento en la muerte de los peces. La muerte de peces aument\u00f3, por lo tanto la f\u00e1brica contamina el r\u00edo.<\/p>\n<p><strong>Para rebatirla:<\/strong><br \/>\nMuestre que la conclusi\u00f3n podr\u00eda ser falsa aunque las premisas sean ciertas. En general, demuestre que B podr\u00eda suceder como consecuencia de algo diferente de A. Por ejemplo, la muerte de peces podr\u00eda estar causada por un descontrol de pesticidas, y no por la f\u00e1brica.<\/p>\n<p style=\"color: grey; font-family: Verdana; font-size: 75%;\">Cuando no se cita el origen, la definici\u00f3n y ejemplos est\u00e1n extra\u00eddos de una traducci\u00f3n de Jaime Wilson jwilson@bytecr.com a partir de: <em>Stephen&#8217;s Guide to the Logical Fallacies<\/em>. Copyright 1995-1998 Stephen Downes. Brandon, Manitoba, Canada.<br \/>\nEsos textos fueron retocados por Miguel A. Lerma, y ahora por nosotros, adem\u00e1s de los procedentes de la Wikipedia, para adaptarlos a nuestro formato.<\/p>\n","protected":false},"excerpt":{"rendered":"<p>Si A entonces B. B, por lo tanto A https:\/\/falacias.escepticos.es\/wp-content\/uploads\/2020\/09\/03.gif Clica aqu\u00ed para copiar la imagen para tu red social Un argumento de la siguiente forma es inv\u00e1lido: Si A entonces B B por lo tanto A. Ejemplos: Si estoy en Espa\u00f1a, me encuentro en Europa. Dado que estoy en Europa, estoy en Espa\u00f1a (es [&hellip;]<\/p>\n","protected":false},"author":2,"featured_media":324,"parent":0,"menu_order":0,"comment_status":"closed","ping_status":"closed","template":"","meta":{"footnotes":""},"_links":{"self":[{"href":"https:\/\/falacias.escepticos.es\/index.php\/wp-json\/wp\/v2\/pages\/60"}],"collection":[{"href":"https:\/\/falacias.escepticos.es\/index.php\/wp-json\/wp\/v2\/pages"}],"about":[{"href":"https:\/\/falacias.escepticos.es\/index.php\/wp-json\/wp\/v2\/types\/page"}],"author":[{"embeddable":true,"href":"https:\/\/falacias.escepticos.es\/index.php\/wp-json\/wp\/v2\/users\/2"}],"replies":[{"embeddable":true,"href":"https:\/\/falacias.escepticos.es\/index.php\/wp-json\/wp\/v2\/comments?post=60"}],"version-history":[{"count":30,"href":"https:\/\/falacias.escepticos.es\/index.php\/wp-json\/wp\/v2\/pages\/60\/revisions"}],"predecessor-version":[{"id":875,"href":"https:\/\/falacias.escepticos.es\/index.php\/wp-json\/wp\/v2\/pages\/60\/revisions\/875"}],"wp:featuredmedia":[{"embeddable":true,"href":"https:\/\/falacias.escepticos.es\/index.php\/wp-json\/wp\/v2\/media\/324"}],"wp:attachment":[{"href":"https:\/\/falacias.escepticos.es\/index.php\/wp-json\/wp\/v2\/media?parent=60"}],"curies":[{"name":"wp","href":"https:\/\/api.w.org\/{rel}","templated":true}]}}