{"id":553,"date":"2017-01-07T13:30:29","date_gmt":"2017-01-07T13:30:29","guid":{"rendered":"http:\/\/falacias.escepticos.es\/?page_id=553"},"modified":"2020-09-29T12:48:48","modified_gmt":"2020-09-29T10:48:48","slug":"falacia-ad-tubium","status":"publish","type":"page","link":"https:\/\/falacias.escepticos.es\/index.php\/falacia-ad-tubium\/","title":{"rendered":"Falacia You tubium"},"content":{"rendered":"<p><strong>No, porque un v\u00eddeo de Youtube diga algo, ese algo no est\u00e1 m\u00e1s cerca de ser cierto.<\/strong><\/p>\n<p><img decoding=\"async\" loading=\"lazy\" class=\"alignnone wp-image-748 size-full\" title=\"\" src=\"https:\/\/falacias.escepticos.es\/wp-content\/uploads\/2020\/09\/20n.gif\" alt=\"\" width=\"1024\" height=\"512\"><\/p>\n<div id=\"oculto\" style=\"visibility: hidden; display: none;\">\n<p id=\"p1\">https:\/\/falacias.escepticos.es\/wp-content\/uploads\/2020\/09\/20n.gif<\/p>\n<\/div>\n<p style=\"text-align: center;\">\n<button onclick=\"copiarAlPortapapeles('p1')\">Clica aqu\u00ed para copiar la imagen para tu red social<\/button><\/p>\n<p>Fuente, <a href=\"https:\/\/www.facebook.com\/Ciencioides\/photos\/pb.154843871376623.-2207520000.1463150658.\/486430361551304\/?type=3&amp;theater\" target=\"_blank\" rel=\"noopener noreferrer\">ciencioides<\/a>&nbsp;y <a href=\"http:\/\/www.scoop.it\/t\/mitosycreencias\/p\/4043726645\/2015\/05\/16\/falacia-ad-youtubium\" target=\"_blank\" rel=\"noopener noreferrer\">scoop.it<\/a><\/p>\n<p>\u00bfQu\u00e9 importan las evidencias, si puedes encontrar un v\u00eddeo particular en YouTube con alguien afirmando justo lo que deseas creer? Todos sabemos que YouTube es una fuente muy confiable, y que el \u00edndice de fiabilidad se calcula f\u00e1cilmente mirando el medidor de likes.<\/p>\n<p>La \u00abfalacia ad youtubium\u00bb no existe como tal de forma oficial, pero resume perfectamente el conjunto de falacias que alguien comete cuando pretende anteponer en un debate los documentales conspiranoicos que ha visto en youtube por encima de cualquier evidencia cient\u00edfica bien respaldada.<\/p>\n<p>El nombre est\u00e1 inspirado en <a href=\"http:\/\/jmmulet.naukas.com\/\" target=\"_blank\" rel=\"noopener noreferrer\">la web del biotecn\u00f3logo JM Mulet<\/a>. la primera aparici\u00f3n de la falacia se registr\u00f3 en <a href=\"http:\/\/www.lalibreria.upv.es\/portalEd\/UpvGEStore\/products\/p_258-4-1\" target=\"_blank\" rel=\"noopener noreferrer\">este libro<\/a>.<\/p>\n<p><b>Ejemplos:<\/b><\/p>\n<p>Los nazis tienen una base secreta en la luna, est\u00e1 explicado de manera clar\u00edsima y con im\u00e1genes borrosas pero sin duda irrebatibles en este v\u00eddeo de youtube.<\/p>\n<p><b>Para rebatirla:<\/b><\/p>\n<p><span style=\"font-weight: 400;\">Poner en duda el medio, un v\u00eddeo de internet, puede servir como neutralizaci\u00f3n; hay que tener en cuenta que se trata en realidad de una falacia de autoridad, siendo sustituida \u00e9sta, la t\u00edpica figura del \u00absabio\u00bb\u009d o \u00abexperto\u00bb, por internet (o la televisi\u00f3n, o los libros, antes) como repositorio de la verdad absoluta.<\/span><\/p>\n<p style=\"color: grey; font-family: Verdana; font-size: 75%;\">Cuando no se cita el origen, la definici\u00f3n y ejemplos est\u00e1n extra\u00eddos de una traducci\u00f3n de Jaime Wilson jwilson@bytecr.com a partir de: <em>Stephen\u2019s Guide to the Logical Fallacies<\/em>. Copyright 1995-1998 Stephen Downes. Brandon, Manitoba, Canada.<br \/>\nEsos textos fueron retocados por Miguel A. Lerma, y ahora por nosotros, adem\u00e1s de los procedentes de la Wikipedia, para adaptarlos a nuestro formato.<\/p>\n","protected":false},"excerpt":{"rendered":"<p>No, porque un v\u00eddeo de Youtube diga algo, ese algo no est\u00e1 m\u00e1s cerca de ser cierto. https:\/\/falacias.escepticos.es\/wp-content\/uploads\/2020\/09\/20n.gif Clica aqu\u00ed para copiar la imagen para tu red social Fuente, ciencioides&nbsp;y scoop.it \u00bfQu\u00e9 importan las evidencias, si puedes encontrar un v\u00eddeo particular en YouTube con alguien afirmando justo lo que deseas creer? Todos sabemos que YouTube [&hellip;]<\/p>\n","protected":false},"author":2,"featured_media":581,"parent":0,"menu_order":0,"comment_status":"closed","ping_status":"closed","template":"","meta":{"footnotes":""},"_links":{"self":[{"href":"https:\/\/falacias.escepticos.es\/index.php\/wp-json\/wp\/v2\/pages\/553"}],"collection":[{"href":"https:\/\/falacias.escepticos.es\/index.php\/wp-json\/wp\/v2\/pages"}],"about":[{"href":"https:\/\/falacias.escepticos.es\/index.php\/wp-json\/wp\/v2\/types\/page"}],"author":[{"embeddable":true,"href":"https:\/\/falacias.escepticos.es\/index.php\/wp-json\/wp\/v2\/users\/2"}],"replies":[{"embeddable":true,"href":"https:\/\/falacias.escepticos.es\/index.php\/wp-json\/wp\/v2\/comments?post=553"}],"version-history":[{"count":23,"href":"https:\/\/falacias.escepticos.es\/index.php\/wp-json\/wp\/v2\/pages\/553\/revisions"}],"predecessor-version":[{"id":876,"href":"https:\/\/falacias.escepticos.es\/index.php\/wp-json\/wp\/v2\/pages\/553\/revisions\/876"}],"wp:featuredmedia":[{"embeddable":true,"href":"https:\/\/falacias.escepticos.es\/index.php\/wp-json\/wp\/v2\/media\/581"}],"wp:attachment":[{"href":"https:\/\/falacias.escepticos.es\/index.php\/wp-json\/wp\/v2\/media?parent=553"}],"curies":[{"name":"wp","href":"https:\/\/api.w.org\/{rel}","templated":true}]}}