{"id":548,"date":"2017-01-07T15:34:50","date_gmt":"2017-01-07T15:34:50","guid":{"rendered":"http:\/\/falacias.escepticos.es\/?page_id=548"},"modified":"2020-09-29T12:52:56","modified_gmt":"2020-09-29T10:52:56","slug":"falacia-del-falso-dilema","status":"publish","type":"page","link":"https:\/\/falacias.escepticos.es\/index.php\/falacia-del-falso-dilema\/","title":{"rendered":"Falacia del falso dilema"},"content":{"rendered":"<p><strong>Cuando te ponen delante solo dos opciones, una horrenda y otra, la que te quieren colar.<\/strong><\/p>\n<p><img decoding=\"async\" loading=\"lazy\" class=\"alignnone wp-image-747 size-full\" src=\"https:\/\/falacias.escepticos.es\/wp-content\/uploads\/2020\/09\/19n.gif\" alt=\"\" width=\"1024\" height=\"512\"><\/p>\n<div id=\"oculto\" style=\"visibility: hidden; display: none;\">\n<p id=\"p1\">https:\/\/falacias.escepticos.es\/wp-content\/uploads\/2020\/09\/19n.gif<\/p>\n<\/div>\n<p style=\"text-align: center;\">\n<button onclick=\"copiarAlPortapapeles('p1')\">Clica aqu\u00ed para copiar la imagen para tu red social<\/button><\/p>\n<p>Fuente, <a href=\"https:\/\/es.wikipedia.org\/wiki\/Falso_dilema\" target=\"_blank\" rel=\"noopener noreferrer\">Wikipedia<\/a><br \/>\nLa falacia l\u00f3gica del falso dilema involucra una situaci\u00f3n en la que se presentan dos puntos de vista como las \u00fanicas opciones posibles, cuando en realidad existen una o m\u00e1s opciones alternativas que no han sido consideradas. Las dos alternativas son con frecuencia, aunque no siempre, los puntos de vista m\u00e1s extremos dentro de un espectro de posibilidades. En vez de tales simplificaciones extremistas suele ser m\u00e1s apropiado considerar el rango completo de opciones, como en la l\u00f3gica difusa.<\/p>\n<p><strong>Ejemplo<\/strong><br \/>\nSi mi formaci\u00f3n pol\u00edtica no llega al gobierno la situaci\u00f3n desembocar\u00e1 en el caos, la violencia y el desastre.<\/p>\n<p><strong>Para rebatirla:<\/strong><br \/>\nEnumerar las dem\u00e1s opciones de manera clara, sosteniendo el por qu\u00e9 se trata de opciones viables adem\u00e1s de preferibles, desmonta la falacia.<\/p>\n<p style=\"color: grey; font-family: Verdana; font-size: 75%;\">Cuando no se cita el origen, la definici\u00f3n y ejemplos est\u00e1n extra\u00eddos de una traducci\u00f3n de Jaime Wilson jwilson@bytecr.com a partir de: <em>Stephen\u2019s Guide to the Logical Fallacies<\/em>. Copyright 1995-1998 Stephen Downes. Brandon, Manitoba, Canada.<br \/>\nEsos textos fueron retocados por Miguel A. Lerma, y ahora por nosotros, adem\u00e1s de los procedentes de la Wikipedia, para adaptarlos a nuestro formato.<\/p>\n","protected":false},"excerpt":{"rendered":"<p>Cuando te ponen delante solo dos opciones, una horrenda y otra, la que te quieren colar. https:\/\/falacias.escepticos.es\/wp-content\/uploads\/2020\/09\/19n.gif Clica aqu\u00ed para copiar la imagen para tu red social Fuente, Wikipedia La falacia l\u00f3gica del falso dilema involucra una situaci\u00f3n en la que se presentan dos puntos de vista como las \u00fanicas opciones posibles, cuando en realidad [&hellip;]<\/p>\n","protected":false},"author":2,"featured_media":549,"parent":0,"menu_order":0,"comment_status":"closed","ping_status":"closed","template":"","meta":{"footnotes":""},"_links":{"self":[{"href":"https:\/\/falacias.escepticos.es\/index.php\/wp-json\/wp\/v2\/pages\/548"}],"collection":[{"href":"https:\/\/falacias.escepticos.es\/index.php\/wp-json\/wp\/v2\/pages"}],"about":[{"href":"https:\/\/falacias.escepticos.es\/index.php\/wp-json\/wp\/v2\/types\/page"}],"author":[{"embeddable":true,"href":"https:\/\/falacias.escepticos.es\/index.php\/wp-json\/wp\/v2\/users\/2"}],"replies":[{"embeddable":true,"href":"https:\/\/falacias.escepticos.es\/index.php\/wp-json\/wp\/v2\/comments?post=548"}],"version-history":[{"count":12,"href":"https:\/\/falacias.escepticos.es\/index.php\/wp-json\/wp\/v2\/pages\/548\/revisions"}],"predecessor-version":[{"id":893,"href":"https:\/\/falacias.escepticos.es\/index.php\/wp-json\/wp\/v2\/pages\/548\/revisions\/893"}],"wp:featuredmedia":[{"embeddable":true,"href":"https:\/\/falacias.escepticos.es\/index.php\/wp-json\/wp\/v2\/media\/549"}],"wp:attachment":[{"href":"https:\/\/falacias.escepticos.es\/index.php\/wp-json\/wp\/v2\/media?parent=548"}],"curies":[{"name":"wp","href":"https:\/\/api.w.org\/{rel}","templated":true}]}}