{"id":46,"date":"2015-12-11T14:03:29","date_gmt":"2015-12-11T14:03:29","guid":{"rendered":"http:\/\/falacias.escepticos.es\/?page_id=46"},"modified":"2020-09-28T16:28:40","modified_gmt":"2020-09-28T14:28:40","slug":"inicio","status":"publish","type":"page","link":"https:\/\/falacias.escepticos.es\/","title":{"rendered":"\u00bfQu\u00e9 es una falacia?"},"content":{"rendered":"<p>Una falacia es un razonamiento inv\u00e1lido o enga\u00f1oso con apariencia de correcto que pretende ser convincente. Es muy habitual encontr\u00e1rselas en much\u00edsimos terrenos, sobre todo para argumentar a favor o en contra de causas o intereses de todo tipo. Cualquier comunicaci\u00f3n honesta deber\u00eda prescindir de ellas en la medida de lo posible, por lo que conviene estar muy al tanto de cu\u00e1les son, c\u00f3mo detectarlas y combatirlas.<\/p>\n<p>Nuestra intenci\u00f3n es divulgar las nociones b\u00e1sicas de las falacias m\u00e1s comunes, y hacerlo en un formato que sea f\u00e1cilmente \u00abcompartible\u00bb en redes sociales; nos mueve la idea de promover el pensamiento racional, eso que siempre se ha llamado tener la cabeza bien amueblada, vaya. Esperamos que os guste.<\/p>\n<p style=\"text-align: left;\">En el men\u00fa de la derecha tienes todas las falacias, o puedes bajar en esta misma p\u00e1gina. Puedes ir a la p\u00e1gina de la falacia clicando en la miniatura.<\/p>\n<p style=\"text-align: center;\">\n<p style=\"text-align: center;\"><a title=\"\" href=\"https:\/\/falacias.escepticos.es\/index.php\/afirmacion-del-consecuente\/\"><img decoding=\"async\" loading=\"lazy\" class=\"size-medium wp-image-731 aligncenter\" title=\"\" src=\"https:\/\/falacias.escepticos.es\/wp-content\/uploads\/2020\/09\/03-300x150.gif\" alt=\"Afirmaci\u00f3n del consecuente\" width=\"300\" height=\"150\" srcset=\"https:\/\/falacias.escepticos.es\/wp-content\/uploads\/2020\/09\/03-300x150.gif 300w, https:\/\/falacias.escepticos.es\/wp-content\/uploads\/2020\/09\/03-768x384.gif 768w\" sizes=\"(max-width: 300px) 100vw, 300px\" \/><\/a><\/p>\n<p style=\"text-align: center;\">Afirmaci\u00f3n del consecuente<\/p>\n<p style=\"text-align: center;\"><a href=\"https:\/\/falacias.escepticos.es\/index.php\/argumento-a-silentio\/\"><img decoding=\"async\" loading=\"lazy\" class=\"alignnone size-medium wp-image-737\" title=\"\" src=\"https:\/\/falacias.escepticos.es\/wp-content\/uploads\/2020\/09\/09-300x150.gif\" alt=\"Argumento a silentio\" width=\"300\" height=\"150\" srcset=\"https:\/\/falacias.escepticos.es\/wp-content\/uploads\/2020\/09\/09-300x150.gif 300w, https:\/\/falacias.escepticos.es\/wp-content\/uploads\/2020\/09\/09-768x384.gif 768w\" sizes=\"(max-width: 300px) 100vw, 300px\" \/><\/a><\/p>\n<p style=\"text-align: center;\">Argumento a silentio<\/p>\n<p style=\"text-align: center;\"><a href=\"https:\/\/falacias.escepticos.es\/index.php\/argumento-ad-antiquitatem\/\"><img decoding=\"async\" loading=\"lazy\" class=\"alignnone size-medium wp-image-745\" title=\"\" src=\"https:\/\/falacias.escepticos.es\/wp-content\/uploads\/2020\/09\/17-300x150.gif\" alt=\"Argumento ad antiquitatem\" width=\"300\" height=\"150\" srcset=\"https:\/\/falacias.escepticos.es\/wp-content\/uploads\/2020\/09\/17-300x150.gif 300w, https:\/\/falacias.escepticos.es\/wp-content\/uploads\/2020\/09\/17-768x384.gif 768w\" sizes=\"(max-width: 300px) 100vw, 300px\" \/><\/a><\/p>\n<p style=\"text-align: center;\">Argumento ad antiquitatem<\/p>\n<p style=\"text-align: center;\"><a title=\"\" href=\"https:\/\/falacias.escepticos.es\/index.php\/argumento-ad-baculum\/\"><img decoding=\"async\" loading=\"lazy\" class=\"alignnone size-medium wp-image-739\" title=\"\" src=\"https:\/\/falacias.escepticos.es\/wp-content\/uploads\/2020\/09\/11-300x150.gif\" alt=\"Argumento ad baculum\" width=\"300\" height=\"150\" srcset=\"https:\/\/falacias.escepticos.es\/wp-content\/uploads\/2020\/09\/11-300x150.gif 300w, https:\/\/falacias.escepticos.es\/wp-content\/uploads\/2020\/09\/11-768x384.gif 768w\" sizes=\"(max-width: 300px) 100vw, 300px\" \/><\/a><\/p>\n<p style=\"text-align: center;\">Argumento ad baculum<\/p>\n<p style=\"text-align: center;\"><a href=\"https:\/\/falacias.escepticos.es\/index.php\/argumento-ad-conditionallis\/\"><img decoding=\"async\" loading=\"lazy\" class=\"alignnone size-medium wp-image-746\" title=\"\" src=\"https:\/\/falacias.escepticos.es\/wp-content\/uploads\/2020\/09\/18-300x150.gif\" alt=\"Argumento ad conditionallis\" width=\"300\" height=\"150\" srcset=\"https:\/\/falacias.escepticos.es\/wp-content\/uploads\/2020\/09\/18-300x150.gif 300w, https:\/\/falacias.escepticos.es\/wp-content\/uploads\/2020\/09\/18-768x384.gif 768w\" sizes=\"(max-width: 300px) 100vw, 300px\" \/><\/a><\/p>\n<p style=\"text-align: center;\">Argumento ad conditionallis<\/p>\n<p style=\"text-align: center;\"><a href=\"https:\/\/falacias.escepticos.es\/index.php\/argumento-ad-consequentiam\/\"><img decoding=\"async\" loading=\"lazy\" class=\"alignnone size-medium wp-image-738\" title=\"\" src=\"https:\/\/falacias.escepticos.es\/wp-content\/uploads\/2020\/09\/10-300x150.gif\" alt=\"Argumento ad consequentiam\" width=\"300\" height=\"150\" srcset=\"https:\/\/falacias.escepticos.es\/wp-content\/uploads\/2020\/09\/10-300x150.gif 300w, https:\/\/falacias.escepticos.es\/wp-content\/uploads\/2020\/09\/10-768x384.gif 768w\" sizes=\"(max-width: 300px) 100vw, 300px\" \/><\/a><\/p>\n<p style=\"text-align: center;\">Argumento ad consequentiam<\/p>\n<p style=\"text-align: center;\"><a href=\"https:\/\/falacias.escepticos.es\/index.php\/argumento-ad-hominem\/\"><img decoding=\"async\" loading=\"lazy\" class=\"alignnone size-medium wp-image-740\" title=\"\" src=\"https:\/\/falacias.escepticos.es\/wp-content\/uploads\/2020\/09\/12-300x150.gif\" alt=\"Argumento ad hominem\" width=\"300\" height=\"150\" srcset=\"https:\/\/falacias.escepticos.es\/wp-content\/uploads\/2020\/09\/12-300x150.gif 300w, https:\/\/falacias.escepticos.es\/wp-content\/uploads\/2020\/09\/12-768x384.gif 768w\" sizes=\"(max-width: 300px) 100vw, 300px\" \/><\/a><\/p>\n<p style=\"text-align: center;\">Argumento ad hominem<\/p>\n<p style=\"text-align: center;\"><a href=\"https:\/\/falacias.escepticos.es\/index.php\/argumento-ad-ignorantiam\/\"><img decoding=\"async\" loading=\"lazy\" class=\"alignnone size-medium wp-image-741\" src=\"https:\/\/falacias.escepticos.es\/wp-content\/uploads\/2020\/09\/13-300x150.gif\" alt=\"Argumento ad ignorantiam\" width=\"300\" height=\"150\" srcset=\"https:\/\/falacias.escepticos.es\/wp-content\/uploads\/2020\/09\/13-300x150.gif 300w, https:\/\/falacias.escepticos.es\/wp-content\/uploads\/2020\/09\/13-768x384.gif 768w\" sizes=\"(max-width: 300px) 100vw, 300px\" \/><\/a><\/p>\n<p style=\"text-align: center;\">Argumento ad ignorantiam<\/p>\n<p style=\"text-align: center;\"><a title=\"\" href=\"https:\/\/falacias.escepticos.es\/index.php\/argumento-ad-nauseam\/\"><img decoding=\"async\" loading=\"lazy\" class=\"alignnone size-medium wp-image-743\" title=\"\" src=\"https:\/\/falacias.escepticos.es\/wp-content\/uploads\/2020\/09\/15-300x150.gif\" alt=\"Argumento ad nauseam\" width=\"300\" height=\"150\" srcset=\"https:\/\/falacias.escepticos.es\/wp-content\/uploads\/2020\/09\/15-300x150.gif 300w, https:\/\/falacias.escepticos.es\/wp-content\/uploads\/2020\/09\/15-768x384.gif 768w\" sizes=\"(max-width: 300px) 100vw, 300px\" \/><\/a><\/p>\n<p style=\"text-align: center;\">Argumento ad nauseam<\/p>\n<p style=\"text-align: center;\"><a href=\"https:\/\/falacias.escepticos.es\/index.php\/argumento-ad-populum\/\"><img decoding=\"async\" loading=\"lazy\" class=\"alignnone size-medium wp-image-742\" title=\"\" src=\"https:\/\/falacias.escepticos.es\/wp-content\/uploads\/2020\/09\/14-300x150.gif\" alt=\"Argumento ex populo\" width=\"300\" height=\"150\" srcset=\"https:\/\/falacias.escepticos.es\/wp-content\/uploads\/2020\/09\/14-300x150.gif 300w, https:\/\/falacias.escepticos.es\/wp-content\/uploads\/2020\/09\/14-768x384.gif 768w\" sizes=\"(max-width: 300px) 100vw, 300px\" \/><\/a><\/p>\n<p style=\"text-align: center;\">Argumento ex populo<\/p>\n<p style=\"text-align: center;\"><a href=\"https:\/\/falacias.escepticos.es\/index.php\/argumento-ad-verecundiam\/\"><img decoding=\"async\" loading=\"lazy\" class=\"alignnone size-medium wp-image-744\" title=\"\" src=\"https:\/\/falacias.escepticos.es\/wp-content\/uploads\/2020\/09\/16-300x150.gif\" alt=\"Argumento ad verecundiam\" width=\"300\" height=\"150\" srcset=\"https:\/\/falacias.escepticos.es\/wp-content\/uploads\/2020\/09\/16-300x150.gif 300w, https:\/\/falacias.escepticos.es\/wp-content\/uploads\/2020\/09\/16-768x384.gif 768w\" sizes=\"(max-width: 300px) 100vw, 300px\" \/><\/a><\/p>\n<p style=\"text-align: center;\">Argumento ad verecundiam<\/p>\n<p style=\"text-align: center;\"><a title=\"\" href=\"https:\/\/falacias.escepticos.es\/index.php\/falacia-del-alegato-especial\/\"><img decoding=\"async\" loading=\"lazy\" class=\"alignnone size-medium wp-image-736\" title=\"\" src=\"https:\/\/falacias.escepticos.es\/wp-content\/uploads\/2020\/09\/08-300x150.gif\" alt=\"Falacia del alegato especial\" width=\"300\" height=\"150\" srcset=\"https:\/\/falacias.escepticos.es\/wp-content\/uploads\/2020\/09\/08-300x150.gif 300w, https:\/\/falacias.escepticos.es\/wp-content\/uploads\/2020\/09\/08-768x384.gif 768w\" sizes=\"(max-width: 300px) 100vw, 300px\" \/><\/a><\/p>\n<p style=\"text-align: center;\">Falacia del alegato especial<\/p>\n<p style=\"text-align: center;\"><a href=\"https:\/\/falacias.escepticos.es\/index.php\/falacia-del-francotirador\/\"><img decoding=\"async\" loading=\"lazy\" class=\"alignnone size-medium wp-image-734\" title=\"\" src=\"https:\/\/falacias.escepticos.es\/wp-content\/uploads\/2020\/09\/06-300x150.gif\" alt=\"Falacia del francotirador\" width=\"300\" height=\"150\" srcset=\"https:\/\/falacias.escepticos.es\/wp-content\/uploads\/2020\/09\/06-300x150.gif 300w, https:\/\/falacias.escepticos.es\/wp-content\/uploads\/2020\/09\/06-768x384.gif 768w\" sizes=\"(max-width: 300px) 100vw, 300px\" \/><\/a><\/p>\n<p style=\"text-align: center;\">Falacia del francotirador<\/p>\n<p style=\"text-align: center;\"><a title=\"\" href=\"https:\/\/falacias.escepticos.es\/index.php\/falacia-del-hombre-de-paja\/\"><img decoding=\"async\" loading=\"lazy\" class=\"alignnone size-medium wp-image-735\" title=\"\" src=\"https:\/\/falacias.escepticos.es\/wp-content\/uploads\/2020\/09\/07-300x150.gif\" alt=\"Falacia del hombre de paja\" width=\"300\" height=\"150\" srcset=\"https:\/\/falacias.escepticos.es\/wp-content\/uploads\/2020\/09\/07-300x150.gif 300w, https:\/\/falacias.escepticos.es\/wp-content\/uploads\/2020\/09\/07-768x384.gif 768w\" sizes=\"(max-width: 300px) 100vw, 300px\" \/><\/a><\/p>\n<p style=\"text-align: center;\">Falacia del hombre de paja<\/p>\n<p style=\"text-align: center;\"><a href=\"https:\/\/falacias.escepticos.es\/index.php\/generalizacion-apresurada\/\"><img decoding=\"async\" loading=\"lazy\" class=\"alignnone size-medium wp-image-732\" title=\"\" src=\"https:\/\/falacias.escepticos.es\/wp-content\/uploads\/2020\/09\/04-300x150.gif\" alt=\"Generalizaci\u00f3n apresurada\" width=\"300\" height=\"150\" srcset=\"https:\/\/falacias.escepticos.es\/wp-content\/uploads\/2020\/09\/04-300x150.gif 300w, https:\/\/falacias.escepticos.es\/wp-content\/uploads\/2020\/09\/04-768x384.gif 768w\" sizes=\"(max-width: 300px) 100vw, 300px\" \/><\/a><\/p>\n<p style=\"text-align: center;\">Generalizaci\u00f3n apresurada<\/p>\n<p style=\"text-align: center;\"><a href=\"https:\/\/falacias.escepticos.es\/index.php\/peticion-de-principio\/\"><img decoding=\"async\" loading=\"lazy\" class=\"alignnone size-medium wp-image-750\" title=\"\" src=\"https:\/\/falacias.escepticos.es\/wp-content\/uploads\/2020\/09\/02-300x150.gif\" alt=\"Petici\u00f3n de principio\" width=\"300\" height=\"150\" srcset=\"https:\/\/falacias.escepticos.es\/wp-content\/uploads\/2020\/09\/02-300x150.gif 300w, https:\/\/falacias.escepticos.es\/wp-content\/uploads\/2020\/09\/02-768x384.gif 768w\" sizes=\"(max-width: 300px) 100vw, 300px\" \/><\/a><\/p>\n<p style=\"text-align: center;\">Petici\u00f3n de principio<\/p>\n<p style=\"text-align: center;\"><a href=\"https:\/\/falacias.escepticos.es\/index.php\/post-hoc-ergo-propter-hoc\/\"><img decoding=\"async\" loading=\"lazy\" class=\"alignnone size-medium wp-image-733\" src=\"https:\/\/falacias.escepticos.es\/wp-content\/uploads\/2020\/09\/05bis-300x150.gif\" alt=\"Post hoc ergo propter hoc\" width=\"300\" height=\"150\" srcset=\"https:\/\/falacias.escepticos.es\/wp-content\/uploads\/2020\/09\/05bis-300x150.gif 300w, https:\/\/falacias.escepticos.es\/wp-content\/uploads\/2020\/09\/05bis-768x384.gif 768w\" sizes=\"(max-width: 300px) 100vw, 300px\" \/><\/a><\/p>\n<p style=\"text-align: center;\">Post hoc ergo propter hoc<\/p>\n<p style=\"text-align: center;\"><a href=\"https:\/\/falacias.escepticos.es\/index.php\/falacia-de-la-pendiente-resbaladiza\/\"><img decoding=\"async\" loading=\"lazy\" class=\"alignnone size-medium wp-image-749\" src=\"https:\/\/falacias.escepticos.es\/wp-content\/uploads\/2020\/09\/21n-300x150.gif\" alt=\"Falacia de la pendiente resbaladiza\" width=\"300\" height=\"150\" srcset=\"https:\/\/falacias.escepticos.es\/wp-content\/uploads\/2020\/09\/21n-300x150.gif 300w, https:\/\/falacias.escepticos.es\/wp-content\/uploads\/2020\/09\/21n-768x384.gif 768w\" sizes=\"(max-width: 300px) 100vw, 300px\" \/><\/a><\/p>\n<p style=\"text-align: center;\">Falacia de la pendiente resbaladiza<\/p>\n<p style=\"text-align: center;\"><a href=\"https:\/\/falacias.escepticos.es\/index.php\/falacia-del-falso-dilema\/\"><img decoding=\"async\" loading=\"lazy\" class=\"alignnone size-medium wp-image-747\" src=\"https:\/\/falacias.escepticos.es\/wp-content\/uploads\/2020\/09\/19n-300x150.gif\" alt=\"Falacia del falso dilema\" width=\"300\" height=\"150\" srcset=\"https:\/\/falacias.escepticos.es\/wp-content\/uploads\/2020\/09\/19n-300x150.gif 300w, https:\/\/falacias.escepticos.es\/wp-content\/uploads\/2020\/09\/19n-768x384.gif 768w\" sizes=\"(max-width: 300px) 100vw, 300px\" \/><\/a><\/p>\n<p style=\"text-align: center;\">Falacia del falso dilema<\/p>\n<p style=\"text-align: center;\"><a href=\"https:\/\/falacias.escepticos.es\/index.php\/falacia-ad-tubium\/\"><img decoding=\"async\" loading=\"lazy\" class=\"alignnone size-medium wp-image-748\" src=\"https:\/\/falacias.escepticos.es\/wp-content\/uploads\/2020\/09\/20n-300x150.gif\" alt=\"Falacia you tubium\" width=\"300\" height=\"150\" srcset=\"https:\/\/falacias.escepticos.es\/wp-content\/uploads\/2020\/09\/20n-300x150.gif 300w, https:\/\/falacias.escepticos.es\/wp-content\/uploads\/2020\/09\/20n-768x384.gif 768w\" sizes=\"(max-width: 300px) 100vw, 300px\" \/><\/a><\/p>\n<p style=\"text-align: center;\">Falacia you tubium<\/p>\n<p style=\"text-align: center;\">\n<p><a href=\"http:\/\/creativecommons.org\/licenses\/by-nc-nd\/3.0\/es\/\"><img decoding=\"async\" src=\"https:\/\/licensebuttons.net\/l\/by-nc-nd\/3.0\/es\/88x31.png\" alt=\"\" \/><\/a> Esta obra est\u00e1 bajo una <a href=\"http:\/\/creativecommons.org\/licenses\/by-nc-nd\/3.0\/es\/\" rel=\"license\">licencia de Creative Commons Reconocimiento-NoComercial-SinObraDerivada 3.0 Espa\u00f1a<\/a> Cualquier reproducci\u00f3n o copia debe mencionar este sitio web como origen.<\/p>\n","protected":false},"excerpt":{"rendered":"<p>Una falacia es un razonamiento inv\u00e1lido o enga\u00f1oso con apariencia de correcto que pretende ser convincente. Es muy habitual encontr\u00e1rselas en much\u00edsimos terrenos, sobre todo para argumentar a favor o en contra de causas o intereses de todo tipo. Cualquier comunicaci\u00f3n honesta deber\u00eda prescindir de ellas en la medida de lo posible, por lo que [&hellip;]<\/p>\n","protected":false},"author":2,"featured_media":0,"parent":0,"menu_order":0,"comment_status":"closed","ping_status":"closed","template":"","meta":{"footnotes":""},"_links":{"self":[{"href":"https:\/\/falacias.escepticos.es\/index.php\/wp-json\/wp\/v2\/pages\/46"}],"collection":[{"href":"https:\/\/falacias.escepticos.es\/index.php\/wp-json\/wp\/v2\/pages"}],"about":[{"href":"https:\/\/falacias.escepticos.es\/index.php\/wp-json\/wp\/v2\/types\/page"}],"author":[{"embeddable":true,"href":"https:\/\/falacias.escepticos.es\/index.php\/wp-json\/wp\/v2\/users\/2"}],"replies":[{"embeddable":true,"href":"https:\/\/falacias.escepticos.es\/index.php\/wp-json\/wp\/v2\/comments?post=46"}],"version-history":[{"count":55,"href":"https:\/\/falacias.escepticos.es\/index.php\/wp-json\/wp\/v2\/pages\/46\/revisions"}],"predecessor-version":[{"id":871,"href":"https:\/\/falacias.escepticos.es\/index.php\/wp-json\/wp\/v2\/pages\/46\/revisions\/871"}],"wp:attachment":[{"href":"https:\/\/falacias.escepticos.es\/index.php\/wp-json\/wp\/v2\/media?parent=46"}],"curies":[{"name":"wp","href":"https:\/\/api.w.org\/{rel}","templated":true}]}}