{"id":260,"date":"2015-12-17T15:14:39","date_gmt":"2015-12-17T15:14:39","guid":{"rendered":"http:\/\/falacias.escepticos.es\/?page_id=260"},"modified":"2020-09-28T12:30:16","modified_gmt":"2020-09-28T10:30:16","slug":"los-autores","status":"publish","type":"page","link":"https:\/\/falacias.escepticos.es\/index.php\/los-autores\/","title":{"rendered":"Los autores"},"content":{"rendered":"<p>Este proyecto es multiautor: todos los invitados a trabajar en \u00e9l han intervenido en mayor o menor medida; por supuesto han colaborado, en primer lugar, toda la asociaci\u00f3n,\u00a0<em><a href=\"https:\/\/www.escepticos.es\" target=\"_blank\" rel=\"noopener noreferrer\">ARP-Sociedad para el Avance del Pensamiento Cr\u00edtico (ARP-SAPC)<\/a><\/em>, cuya direcci\u00f3n y miembros crearon el proyecto, a sus socios y a los <a href=\"http:\/\/correo.dis.ulpgc.es\/pipermail\/escepticos\/\" target=\"_blank\" rel=\"noopener noreferrer\">lectores de la lista de esc\u00e9pticos<\/a> que ayudaron directamente, a <a href=\"https:\/\/www.facebook.com\/Noticias-esc%C3%A9pticas-288953794531368\">Juan Soler<\/a>, bestia parda del escepticismo en Barcelona que coordin\u00f3, a <a href=\"https:\/\/www.facebook.com\/Oldno777\">Guillermo Hern\u00e1ndez<\/a>, que se encarg\u00f3 de la t\u00e9cnica y<a href=\"http:\/\/www.artesania-digital.com\/\" target=\"_blank\" rel=\"noopener noreferrer\"> al dibujante, David Revilla<\/a>. Y el meollo del asunto, a todos los que han trabajado en los diferentes documentos compartidos en los que se ha ido definiendo esto.<\/p>\n<p>La invitaci\u00f3n a cooperar sigue abierta. Se agradecer\u00edan nuevas formas de explicar alguna falacia, tanto en texto como en gr\u00e1ficos. Si deseas comentar algo, criticar o sugerir, puedes usar los comentarios que hay m\u00e1s abajo.<\/p>\n","protected":false},"excerpt":{"rendered":"<p>Este proyecto es multiautor: todos los invitados a trabajar en \u00e9l han intervenido en mayor o menor medida; por supuesto han colaborado, en primer lugar, toda la asociaci\u00f3n,\u00a0ARP-Sociedad para el Avance del Pensamiento Cr\u00edtico (ARP-SAPC), cuya direcci\u00f3n y miembros crearon el proyecto, a sus socios y a los lectores de la lista de esc\u00e9pticos que [&hellip;]<\/p>\n","protected":false},"author":2,"featured_media":0,"parent":0,"menu_order":0,"comment_status":"open","ping_status":"closed","template":"","meta":{"footnotes":""},"_links":{"self":[{"href":"https:\/\/falacias.escepticos.es\/index.php\/wp-json\/wp\/v2\/pages\/260"}],"collection":[{"href":"https:\/\/falacias.escepticos.es\/index.php\/wp-json\/wp\/v2\/pages"}],"about":[{"href":"https:\/\/falacias.escepticos.es\/index.php\/wp-json\/wp\/v2\/types\/page"}],"author":[{"embeddable":true,"href":"https:\/\/falacias.escepticos.es\/index.php\/wp-json\/wp\/v2\/users\/2"}],"replies":[{"embeddable":true,"href":"https:\/\/falacias.escepticos.es\/index.php\/wp-json\/wp\/v2\/comments?post=260"}],"version-history":[{"count":12,"href":"https:\/\/falacias.escepticos.es\/index.php\/wp-json\/wp\/v2\/pages\/260\/revisions"}],"predecessor-version":[{"id":842,"href":"https:\/\/falacias.escepticos.es\/index.php\/wp-json\/wp\/v2\/pages\/260\/revisions\/842"}],"wp:attachment":[{"href":"https:\/\/falacias.escepticos.es\/index.php\/wp-json\/wp\/v2\/media?parent=260"}],"curies":[{"name":"wp","href":"https:\/\/api.w.org\/{rel}","templated":true}]}}