{"id":106,"date":"2015-12-14T11:52:55","date_gmt":"2015-12-14T11:52:55","guid":{"rendered":"http:\/\/falacias.escepticos.es\/?page_id=106"},"modified":"2020-09-29T12:49:41","modified_gmt":"2020-09-29T10:49:41","slug":"argumento-ad-conditionallis","status":"publish","type":"page","link":"https:\/\/falacias.escepticos.es\/index.php\/argumento-ad-conditionallis\/","title":{"rendered":"Argumento ad conditionallis"},"content":{"rendered":"<p><strong>Sugerir no es demostrar.<\/strong><br \/>\n<a title=\"\" href=\"http:\/\/falacias.escepticos.es\/wp-content\/uploads\/2015\/12\/18-1.gif\" rel=\"attachment wp-att-332\"><img decoding=\"async\" loading=\"lazy\" class=\"alignnone wp-image-746 size-full\" title=\"\" src=\"https:\/\/falacias.escepticos.es\/wp-content\/uploads\/2020\/09\/18.gif\" alt=\"\" width=\"1024\" height=\"512\"><\/a><\/p>\n<div id=\"oculto\" style=\"visibility: hidden; display: none;\">\n<p id=\"p1\">https:\/\/falacias.escepticos.es\/wp-content\/uploads\/2020\/09\/18.gif<\/p>\n<\/div>\n<p style=\"text-align: center;\">\n<button onclick=\"copiarAlPortapapeles('p1')\">Clica aqu\u00ed para copiar la imagen para tu red social<\/button><\/p>\n<p>fuente, <a href=\"https:\/\/es.wikipedia.org\/wiki\/Falacia#Argumento_ad_conditionallis\" target=\"_blank\" rel=\"noopener noreferrer\">Wikipedia<\/a><br \/>\nEs un tipo de falacia en la que el fundamento o prueba del argumento est\u00e1 condicionado. El argumento no puede ser probado, y de hecho puede ser totalmente falso. Se caracterizan por estar acompa\u00f1ados de verbos conjugados en el tiempo condicional, como: \u00abser\u00eda\u009d\u00bb, \u00abhabr\u00eda\u009d\u00bb, etc. Es com\u00fan verlos en los t\u00edtulos de los peri\u00f3dicos o diarios y el principal recurso es la especulaci\u00f3n.<\/p>\n<p><strong>Ejemplo:<\/strong><br \/>\nLa c\u00fapula del partido X se habr\u00eda reunido con la oposici\u00f3n clandestina del pa\u00eds vecino. \u00bf\u00bb\u009dSe habr\u00eda\u00bb? \u00bfCu\u00e1ndo, c\u00f3mo, tienes alguna prueba o est\u00e1s especulando?<\/p>\n<p><strong>Para rebatirla:<\/strong><br \/>\nDeber\u00eda de bastar el se\u00f1alar que si tiene alguna prueba la ense\u00f1e, o si no que el argumento no procede, vaya.<\/p>\n<p style=\"color: grey; font-family: Verdana; font-size: 75%;\">Cuando no se cita el origen, la definici\u00f3n y ejemplos est\u00e1n extra\u00eddos de una traducci\u00f3n de Jaime Wilson jwilson@bytecr.com a partir de: <em>Stephen&#8217;s Guide to the Logical Fallacies<\/em>. Copyright 1995-1998 Stephen Downes. Brandon, Manitoba, Canada.<br \/>\nEsos textos fueron retocados por Miguel A. Lerma, y ahora por nosotros, adem\u00e1s de los procedentes de la Wikipedia, para adaptarlos a nuestro formato.<\/p>\n","protected":false},"excerpt":{"rendered":"<p>Sugerir no es demostrar. https:\/\/falacias.escepticos.es\/wp-content\/uploads\/2020\/09\/18.gif Clica aqu\u00ed para copiar la imagen para tu red social fuente, Wikipedia Es un tipo de falacia en la que el fundamento o prueba del argumento est\u00e1 condicionado. El argumento no puede ser probado, y de hecho puede ser totalmente falso. Se caracterizan por estar acompa\u00f1ados de verbos conjugados en [&hellip;]<\/p>\n","protected":false},"author":2,"featured_media":332,"parent":0,"menu_order":0,"comment_status":"closed","ping_status":"closed","template":"","meta":{"footnotes":""},"_links":{"self":[{"href":"https:\/\/falacias.escepticos.es\/index.php\/wp-json\/wp\/v2\/pages\/106"}],"collection":[{"href":"https:\/\/falacias.escepticos.es\/index.php\/wp-json\/wp\/v2\/pages"}],"about":[{"href":"https:\/\/falacias.escepticos.es\/index.php\/wp-json\/wp\/v2\/types\/page"}],"author":[{"embeddable":true,"href":"https:\/\/falacias.escepticos.es\/index.php\/wp-json\/wp\/v2\/users\/2"}],"replies":[{"embeddable":true,"href":"https:\/\/falacias.escepticos.es\/index.php\/wp-json\/wp\/v2\/comments?post=106"}],"version-history":[{"count":24,"href":"https:\/\/falacias.escepticos.es\/index.php\/wp-json\/wp\/v2\/pages\/106\/revisions"}],"predecessor-version":[{"id":880,"href":"https:\/\/falacias.escepticos.es\/index.php\/wp-json\/wp\/v2\/pages\/106\/revisions\/880"}],"wp:featuredmedia":[{"embeddable":true,"href":"https:\/\/falacias.escepticos.es\/index.php\/wp-json\/wp\/v2\/media\/332"}],"wp:attachment":[{"href":"https:\/\/falacias.escepticos.es\/index.php\/wp-json\/wp\/v2\/media?parent=106"}],"curies":[{"name":"wp","href":"https:\/\/api.w.org\/{rel}","templated":true}]}}