{"id":103,"date":"2015-12-14T11:52:18","date_gmt":"2015-12-14T11:52:18","guid":{"rendered":"http:\/\/falacias.escepticos.es\/?page_id=103"},"modified":"2020-09-29T12:49:22","modified_gmt":"2020-09-29T10:49:22","slug":"argumento-ad-antiquitatem","status":"publish","type":"page","link":"https:\/\/falacias.escepticos.es\/index.php\/argumento-ad-antiquitatem\/","title":{"rendered":"Argumento ad antiquitatem"},"content":{"rendered":"<p><strong>Equivocarse desde siempre no es equivocarse menos.<\/strong><br \/>\n<a href=\"http:\/\/falacias.escepticos.es\/wp-content\/uploads\/2015\/12\/17-1.gif\" rel=\"attachment wp-att-330\"><img decoding=\"async\" loading=\"lazy\" class=\"alignnone wp-image-745 size-full\" title=\"\" src=\"https:\/\/falacias.escepticos.es\/wp-content\/uploads\/2020\/09\/17.gif\" alt=\"\" width=\"1024\" height=\"512\"><\/a><\/p>\n<div id=\"oculto\" style=\"visibility: hidden; display: none;\">\n<p id=\"p1\">https:\/\/falacias.escepticos.es\/wp-content\/uploads\/2020\/09\/17.gif<\/p>\n<\/div>\n<p style=\"text-align: center;\">\n<button onclick=\"copiarAlPortapapeles('p1')\">Clica aqu\u00ed para copiar la imagen para tu red social<\/button><\/p>\n<p>Fuente, <a href=\"https:\/\/es.wikipedia.org\/wiki\/Argumento_ad_antiquitatem\" target=\"_blank\" rel=\"noopener noreferrer\">wikipedia<\/a><br \/>\nEl argumento ad antiquitatem (tambi\u00e9n llamado apelaci\u00f3n a la tradici\u00f3n) es una falacia l\u00f3gica que consiste en afirmar que si algo se ha venido haciendo o creyendo desde antiguo, entonces es que est\u00e1 bien o es verdadero.<br \/>\nEsta falacia asume que las causas que dieron lugar al comportamiento en la antig\u00fcedad contin\u00faan siendo v\u00e1lidas; sin embargo, si las circunstancias han cambiado el razonamiento no es v\u00e1lido.<\/p>\n<p><strong>Ejemplos:<\/strong><br \/>\nLa sociedad siempre se ha desplazado montada a caballo. No hay por qu\u00e9 viajar ahora en coche. (Refutaci\u00f3n: hoy en d\u00eda hay que hacer viajes largos y los caballos no ser\u00edan adecuados para recorrer esas distancias)<br \/>\nDebe ser una mala idea porque nadie lo ha hecho antes. (Refutaci\u00f3n: el que no se haya hecho antes no quiere decir que la idea vaya a fracasar)<br \/>\nEstas leyes se han estado aplicando durante 100 a\u00f1os. No hay raz\u00f3n para cambiarlas. (Refutaci\u00f3n: pueden haberse producido cambios relativamente importantes que aconsejen su cambio)<br \/>\nLas mujeres deben quedarse en casa porque as\u00ed se ha hecho siempre. (Refutaci\u00f3n: debido a desigualdades sociales antiguamente las mujeres ten\u00edan pocas opciones de encontrar un trabajo fuera de casa. Eso no es cierto hoy d\u00eda)<\/p>\n<p><strong>Para rebatirla:<\/strong><br \/>\nLo m\u00e1s sencillo es simplemente se\u00f1alar los cambios en la sociedad o asunto tratado que invalidan el argumento.<\/p>\n<p style=\"color: grey; font-family: Verdana; font-size: 75%;\">Cuando no se cita el origen, la definici\u00f3n y ejemplos est\u00e1n extra\u00eddos de una traducci\u00f3n de Jaime Wilson jwilson@bytecr.com a partir de: <em>Stephen&#8217;s Guide to the Logical Fallacies<\/em>. Copyright 1995-1998 Stephen Downes. Brandon, Manitoba, Canada.<br \/>\nEsos textos fueron retocados por Miguel A. Lerma, y ahora por nosotros, adem\u00e1s de los procedentes de la Wikipedia, para adaptarlos a nuestro formato.<\/p>\n","protected":false},"excerpt":{"rendered":"<p>Equivocarse desde siempre no es equivocarse menos. https:\/\/falacias.escepticos.es\/wp-content\/uploads\/2020\/09\/17.gif Clica aqu\u00ed para copiar la imagen para tu red social Fuente, wikipedia El argumento ad antiquitatem (tambi\u00e9n llamado apelaci\u00f3n a la tradici\u00f3n) es una falacia l\u00f3gica que consiste en afirmar que si algo se ha venido haciendo o creyendo desde antiguo, entonces es que est\u00e1 bien o [&hellip;]<\/p>\n","protected":false},"author":2,"featured_media":330,"parent":0,"menu_order":0,"comment_status":"closed","ping_status":"closed","template":"","meta":{"footnotes":""},"_links":{"self":[{"href":"https:\/\/falacias.escepticos.es\/index.php\/wp-json\/wp\/v2\/pages\/103"}],"collection":[{"href":"https:\/\/falacias.escepticos.es\/index.php\/wp-json\/wp\/v2\/pages"}],"about":[{"href":"https:\/\/falacias.escepticos.es\/index.php\/wp-json\/wp\/v2\/types\/page"}],"author":[{"embeddable":true,"href":"https:\/\/falacias.escepticos.es\/index.php\/wp-json\/wp\/v2\/users\/2"}],"replies":[{"embeddable":true,"href":"https:\/\/falacias.escepticos.es\/index.php\/wp-json\/wp\/v2\/comments?post=103"}],"version-history":[{"count":20,"href":"https:\/\/falacias.escepticos.es\/index.php\/wp-json\/wp\/v2\/pages\/103\/revisions"}],"predecessor-version":[{"id":878,"href":"https:\/\/falacias.escepticos.es\/index.php\/wp-json\/wp\/v2\/pages\/103\/revisions\/878"}],"wp:featuredmedia":[{"embeddable":true,"href":"https:\/\/falacias.escepticos.es\/index.php\/wp-json\/wp\/v2\/media\/330"}],"wp:attachment":[{"href":"https:\/\/falacias.escepticos.es\/index.php\/wp-json\/wp\/v2\/media?parent=103"}],"curies":[{"name":"wp","href":"https:\/\/api.w.org\/{rel}","templated":true}]}}