{"id":100,"date":"2015-12-14T11:51:40","date_gmt":"2015-12-14T11:51:40","guid":{"rendered":"http:\/\/falacias.escepticos.es\/?page_id=100"},"modified":"2020-09-29T12:50:42","modified_gmt":"2020-09-29T10:50:42","slug":"argumento-ad-verecundiam","status":"publish","type":"page","link":"https:\/\/falacias.escepticos.es\/index.php\/argumento-ad-verecundiam\/","title":{"rendered":"Argumento ad verecundiam"},"content":{"rendered":"\n<p><strong>Ser experto en algo no implica que todo lo que digas sobre ello sea cierto.<\/strong><\/p>\n<p><img decoding=\"async\" loading=\"lazy\" class=\"size-full wp-image-423\" src=\"https:\/\/falacias.escepticos.es\/wp-content\/uploads\/2020\/09\/16.gif\" alt=\"Argumento ad verecundiam\" width=\"1024\" height=\"512\"><\/p>\n<div id=\"oculto\" style=\"visibility: hidden; display: none;\">\n<p id=\"p1\">https:\/\/falacias.escepticos.es\/wp-content\/uploads\/2020\/09\/16.gif<\/p>\n\n<\/div>\n<p style=\"text-align: center;\">\n<button onclick=\"copiarAlPortapapeles('p1')\">Clica aqu\u00ed para copiar la imagen para tu red social<\/button><\/p>\n\n\n\n<p>Aunque algunas veces puede ser apropiado citar a una autoridad para apoyar un punto, muchas veces no lo es. En cualquier caso no es ning\u00fan argumento o razonamiento per se. Apelar a una autoridad es particularmente inapropiado si:<br>-La persona no est\u00e1 cualificada para emitir una opini\u00f3n de experto en el asunto.<br>-Las autoridades en el campo no est\u00e1n todas de acuerdo.<br>-La autoridad citada estaba gastando una broma, estaba borracho o de alguna forma no hablaba en serio.<br>Una variaci\u00f3n de este falso recurso a la autoridad es la cita \u00abde o\u00eddas\u00bb, en la que se apela a una segunda o tercera fuente de la autoridad.<br>&nbsp;<\/p>\n<p><strong>Ejemplos:<\/strong><br>El economista John Kenneth Galbraith sostiene que una pol\u00edtica monetaria austera es la mejor cura para la recesi\u00f3n. (Aunque Galbraith es un experto, no todos los economistas est\u00e1n de acuerdo en este punto).<br>Vamos camino a la guerra termonuclear. La semana pasada Ronald Reagan anunci\u00f3 que empezar\u00eda a bombardear Rusia en cinco minutos (en realidad lo dijo de broma probando un micr\u00f3fono).<br>Un amigo escuch\u00f3 en las noticias el otro d\u00eda que Canad\u00e1 le declarar\u00e1 la guerra a Serbia. (Esto es \u00abde o\u00eddas\u00bb, de hecho lo que dijo el locutor es que Canad\u00e1 NO le declarar\u00eda la guerra).<br>El \u00abOttawa Citizen\u00bb inform\u00f3 que sus ventas hab\u00edan aumentado en un 5.9 por ciento. (Esto es \u00abde o\u00eddas\u00bb porque no tenemos forma de verificar las fuentes de la publicaci\u00f3n).<br>&nbsp;<\/p>\n<p><strong>Para rebatirla:<\/strong><br>Demuestre que no se realiza una argumentaci\u00f3n l\u00f3gica, \u00fanicamente se refiere uno a la autoridad como fuente de la verdad.<\/p>\n<p>NOTA-Gracias a Leonardo y a Ariel Rodr\u00edguez Bosio que nos hicieron ver que hab\u00edamos cometido un error al explicar esta falacia. De hecho&#8230; \u00a1ca\u00edamos en varias falacias!<\/p>\n<p style=\"color: grey; font-family: Verdana; font-size: 75%;\">Cuando no se cita el origen, la definici\u00f3n y ejemplos est\u00e1n extra\u00eddos de una traducci\u00f3n de Jaime Wilson jwilson@bytecr.com a partir de: <em>Stephen&#8217;s Guide to the Logical Fallacies<\/em>. Copyright 1995-1998 Stephen Downes. Brandon, Manitoba, Canada.<br>Esos textos fueron retocados por Miguel A. Lerma, y ahora por nosotros, adem\u00e1s de los procedentes de la Wikipedia, para adaptarlos a nuestro formato.<\/p>\n","protected":false},"excerpt":{"rendered":"<p>Ser experto en algo no implica que todo lo que digas sobre ello sea cierto. https:\/\/falacias.escepticos.es\/wp-content\/uploads\/2020\/09\/16.gif Clica aqu\u00ed para copiar la imagen para tu red social Aunque algunas veces puede ser apropiado citar a una autoridad para apoyar un punto, muchas veces no lo es. En cualquier caso no es ning\u00fan argumento o razonamiento per [&hellip;]<\/p>\n","protected":false},"author":2,"featured_media":708,"parent":0,"menu_order":0,"comment_status":"closed","ping_status":"closed","template":"","meta":{"footnotes":""},"_links":{"self":[{"href":"https:\/\/falacias.escepticos.es\/index.php\/wp-json\/wp\/v2\/pages\/100"}],"collection":[{"href":"https:\/\/falacias.escepticos.es\/index.php\/wp-json\/wp\/v2\/pages"}],"about":[{"href":"https:\/\/falacias.escepticos.es\/index.php\/wp-json\/wp\/v2\/types\/page"}],"author":[{"embeddable":true,"href":"https:\/\/falacias.escepticos.es\/index.php\/wp-json\/wp\/v2\/users\/2"}],"replies":[{"embeddable":true,"href":"https:\/\/falacias.escepticos.es\/index.php\/wp-json\/wp\/v2\/comments?post=100"}],"version-history":[{"count":23,"href":"https:\/\/falacias.escepticos.es\/index.php\/wp-json\/wp\/v2\/pages\/100\/revisions"}],"predecessor-version":[{"id":853,"href":"https:\/\/falacias.escepticos.es\/index.php\/wp-json\/wp\/v2\/pages\/100\/revisions\/853"}],"wp:featuredmedia":[{"embeddable":true,"href":"https:\/\/falacias.escepticos.es\/index.php\/wp-json\/wp\/v2\/media\/708"}],"wp:attachment":[{"href":"https:\/\/falacias.escepticos.es\/index.php\/wp-json\/wp\/v2\/media?parent=100"}],"curies":[{"name":"wp","href":"https:\/\/api.w.org\/{rel}","templated":true}]}}